{"id":140,"date":"2024-06-07T14:34:32","date_gmt":"2024-06-07T12:34:32","guid":{"rendered":"https:\/\/polskilek.proadax-dev.pl\/?page_id=140"},"modified":"2024-07-23T00:21:43","modified_gmt":"2024-07-22T22:21:43","slug":"formularz-zglaszania-dzialania-niepozadanego","status":"publish","type":"page","link":"https:\/\/polskilek.pl\/en\/formularz-zglaszania-dzialania-niepozadanego\/","title":{"rendered":"Formularz zg\u0142aszania dzia\u0142ania niepo\u017c\u0105danego"},"content":{"rendered":"<h3 style=\"text-align: center;\">Poni\u017csze formularze umo\u017cliwiaj\u0105 lekarzom, pacjentom oraz ich opiekunom zg\u0142oszenie dzia\u0142a\u0144<br \/>\nniepo\u017c\u0105danych produkt\u00f3w leczniczych oraz incydent\u00f3w medycznych dla wyrob\u00f3w medycznych.<\/h3>\n<p style=\"text-align: center;\"><a href=\"\/formularz-zglaszania-dzialania-niepozadanego\/jestem-lekarzem-lub-inna-osoba-wykonujaca-zawod-medyczny\/\" class='btn' style='color: #fff;'>Jestem lekarzem lub inn\u0105 osob\u0105 wykonuj\u0105c\u0105 zaw\u00f3d medyczny<\/a><\/p>\n<p style=\"text-align: center;\">lub<\/p>\n<p style=\"text-align: center;\"><a href=\"\/formularz-zglaszania-dzialania-niepozadanego\/jestem-pacjentem-lub-opiekunem\/\" class='btn' style='color: #fff;'>Jestem pacjentem lub opiekunem<\/a><\/p>\n","protected":false},"excerpt":{"rendered":"<p>Poni\u017csze formularze umo\u017cliwiaj\u0105 lekarzom, pacjentom oraz ich opiekunom zg\u0142oszenie dzia\u0142a\u0144 niepo\u017c\u0105danych produkt\u00f3w leczniczych oraz incydent\u00f3w medycznych dla wyrob\u00f3w medycznych. Jestem lekarzem lub inn\u0105 osob\u0105 wykonuj\u0105c\u0105 zaw\u00f3d medyczny lub Jestem pacjentem lub opiekunem<\/p>\n","protected":false},"author":1,"featured_media":0,"parent":0,"menu_order":0,"comment_status":"closed","ping_status":"closed","template":"","meta":{"_acf_changed":false,"footnotes":""},"class_list":["post-140","page","type-page","status-publish","hentry"],"acf":[],"yoast_head":"<!-- This site is optimized with the Yoast SEO plugin v27.4 - https:\/\/yoast.com\/product\/yoast-seo-wordpress\/ -->\n<title>Formularz zg\u0142aszania dzia\u0142ania niepo\u017c\u0105danego - Polski Lek<\/title>\n<meta name=\"robots\" content=\"index, follow, max-snippet:-1, max-image-preview:large, max-video-preview:-1\" \/>\n<link rel=\"canonical\" href=\"https:\/\/polskilek.pl\/en\/formularz-zglaszania-dzialania-niepozadanego\/\" \/>\n<meta property=\"og:locale\" content=\"en_US\" \/>\n<meta property=\"og:type\" content=\"article\" \/>\n<meta property=\"og:title\" content=\"Formularz zg\u0142aszania dzia\u0142ania niepo\u017c\u0105danego - Polski Lek\" \/>\n<meta property=\"og:description\" content=\"Poni\u017csze formularze umo\u017cliwiaj\u0105 lekarzom, pacjentom oraz ich opiekunom zg\u0142oszenie dzia\u0142a\u0144 niepo\u017c\u0105danych produkt\u00f3w leczniczych oraz incydent\u00f3w medycznych dla wyrob\u00f3w medycznych. Jestem lekarzem lub inn\u0105 osob\u0105 wykonuj\u0105c\u0105 zaw\u00f3d medyczny lub Jestem pacjentem lub opiekunem\" \/>\n<meta property=\"og:url\" content=\"https:\/\/polskilek.pl\/en\/formularz-zglaszania-dzialania-niepozadanego\/\" \/>\n<meta property=\"og:site_name\" content=\"Polski Lek\" \/>\n<meta property=\"article:modified_time\" content=\"2024-07-22T22:21:43+00:00\" \/>\n<meta name=\"twitter:card\" content=\"summary_large_image\" \/>\n<meta name=\"twitter:label1\" content=\"Est. reading time\" \/>\n\t<meta name=\"twitter:data1\" content=\"1 minute\" \/>\n<script type=\"application\/ld+json\" class=\"yoast-schema-graph\">{\"@context\":\"https:\\\/\\\/schema.org\",\"@graph\":[{\"@type\":\"WebPage\",\"@id\":\"https:\\\/\\\/polskilek.pl\\\/en\\\/formularz-zglaszania-dzialania-niepozadanego\\\/\",\"url\":\"https:\\\/\\\/polskilek.pl\\\/en\\\/formularz-zglaszania-dzialania-niepozadanego\\\/\",\"name\":\"Formularz zg\u0142aszania dzia\u0142ania niepo\u017c\u0105danego - Polski Lek\",\"isPartOf\":{\"@id\":\"https:\\\/\\\/polskilek.pl\\\/en\\\/#website\"},\"datePublished\":\"2024-06-07T12:34:32+00:00\",\"dateModified\":\"2024-07-22T22:21:43+00:00\",\"breadcrumb\":{\"@id\":\"https:\\\/\\\/polskilek.pl\\\/en\\\/formularz-zglaszania-dzialania-niepozadanego\\\/#breadcrumb\"},\"inLanguage\":\"en-US\",\"potentialAction\":[{\"@type\":\"ReadAction\",\"target\":[\"https:\\\/\\\/polskilek.pl\\\/en\\\/formularz-zglaszania-dzialania-niepozadanego\\\/\"]}]},{\"@type\":\"BreadcrumbList\",\"@id\":\"https:\\\/\\\/polskilek.pl\\\/en\\\/formularz-zglaszania-dzialania-niepozadanego\\\/#breadcrumb\",\"itemListElement\":[{\"@type\":\"ListItem\",\"position\":1,\"name\":\"Home\",\"item\":\"https:\\\/\\\/polskilek.pl\\\/en\\\/\"},{\"@type\":\"ListItem\",\"position\":2,\"name\":\"Formularz zg\u0142aszania dzia\u0142ania niepo\u017c\u0105danego\"}]},{\"@type\":\"WebSite\",\"@id\":\"https:\\\/\\\/polskilek.pl\\\/en\\\/#website\",\"url\":\"https:\\\/\\\/polskilek.pl\\\/en\\\/\",\"name\":\"Polski Lek\",\"description\":\"Polski Lek Sp. z o. o. jest producentem nowoczesnych i bezpiecznych suplement\u00f3w diety, obecnym na rynku od 2000 roku. Od 2003 roku nale\u017cymy do grupy Maspex, jednej z najwi\u0119kszych firm w Europie \u015arodkowo-Wschodniej w segmencie produkt\u00f3w spo\u017cywczych.\",\"publisher\":{\"@id\":\"https:\\\/\\\/polskilek.pl\\\/en\\\/#organization\"},\"potentialAction\":[{\"@type\":\"SearchAction\",\"target\":{\"@type\":\"EntryPoint\",\"urlTemplate\":\"https:\\\/\\\/polskilek.pl\\\/en\\\/?s={search_term_string}\"},\"query-input\":{\"@type\":\"PropertyValueSpecification\",\"valueRequired\":true,\"valueName\":\"search_term_string\"}}],\"inLanguage\":\"en-US\"},{\"@type\":\"Organization\",\"@id\":\"https:\\\/\\\/polskilek.pl\\\/en\\\/#organization\",\"name\":\"Polski Lek\",\"url\":\"https:\\\/\\\/polskilek.pl\\\/en\\\/\",\"logo\":{\"@type\":\"ImageObject\",\"inLanguage\":\"en-US\",\"@id\":\"https:\\\/\\\/polskilek.pl\\\/en\\\/#\\\/schema\\\/logo\\\/image\\\/\",\"url\":\"https:\\\/\\\/polskilek.pl\\\/wp-content\\\/uploads\\\/2024\\\/06\\\/logo-1.png\",\"contentUrl\":\"https:\\\/\\\/polskilek.pl\\\/wp-content\\\/uploads\\\/2024\\\/06\\\/logo-1.png\",\"width\":300,\"height\":64,\"caption\":\"Polski Lek\"},\"image\":{\"@id\":\"https:\\\/\\\/polskilek.pl\\\/en\\\/#\\\/schema\\\/logo\\\/image\\\/\"}}]}<\/script>\n<!-- \/ Yoast SEO plugin. -->","yoast_head_json":{"title":"Formularz zg\u0142aszania dzia\u0142ania niepo\u017c\u0105danego - Polski Lek","robots":{"index":"index","follow":"follow","max-snippet":"max-snippet:-1","max-image-preview":"max-image-preview:large","max-video-preview":"max-video-preview:-1"},"canonical":"https:\/\/polskilek.pl\/en\/formularz-zglaszania-dzialania-niepozadanego\/","og_locale":"en_US","og_type":"article","og_title":"Formularz zg\u0142aszania dzia\u0142ania niepo\u017c\u0105danego - Polski Lek","og_description":"Poni\u017csze formularze umo\u017cliwiaj\u0105 lekarzom, pacjentom oraz ich opiekunom zg\u0142oszenie dzia\u0142a\u0144 niepo\u017c\u0105danych produkt\u00f3w leczniczych oraz incydent\u00f3w medycznych dla wyrob\u00f3w medycznych. Jestem lekarzem lub inn\u0105 osob\u0105 wykonuj\u0105c\u0105 zaw\u00f3d medyczny lub Jestem pacjentem lub opiekunem","og_url":"https:\/\/polskilek.pl\/en\/formularz-zglaszania-dzialania-niepozadanego\/","og_site_name":"Polski Lek","article_modified_time":"2024-07-22T22:21:43+00:00","twitter_card":"summary_large_image","twitter_misc":{"Est. reading time":"1 minute"},"schema":{"@context":"https:\/\/schema.org","@graph":[{"@type":"WebPage","@id":"https:\/\/polskilek.pl\/en\/formularz-zglaszania-dzialania-niepozadanego\/","url":"https:\/\/polskilek.pl\/en\/formularz-zglaszania-dzialania-niepozadanego\/","name":"Formularz zg\u0142aszania dzia\u0142ania niepo\u017c\u0105danego - Polski Lek","isPartOf":{"@id":"https:\/\/polskilek.pl\/en\/#website"},"datePublished":"2024-06-07T12:34:32+00:00","dateModified":"2024-07-22T22:21:43+00:00","breadcrumb":{"@id":"https:\/\/polskilek.pl\/en\/formularz-zglaszania-dzialania-niepozadanego\/#breadcrumb"},"inLanguage":"en-US","potentialAction":[{"@type":"ReadAction","target":["https:\/\/polskilek.pl\/en\/formularz-zglaszania-dzialania-niepozadanego\/"]}]},{"@type":"BreadcrumbList","@id":"https:\/\/polskilek.pl\/en\/formularz-zglaszania-dzialania-niepozadanego\/#breadcrumb","itemListElement":[{"@type":"ListItem","position":1,"name":"Home","item":"https:\/\/polskilek.pl\/en\/"},{"@type":"ListItem","position":2,"name":"Formularz zg\u0142aszania dzia\u0142ania niepo\u017c\u0105danego"}]},{"@type":"WebSite","@id":"https:\/\/polskilek.pl\/en\/#website","url":"https:\/\/polskilek.pl\/en\/","name":"Polski Lek","description":"Polski Lek Sp. z o. o. jest producentem nowoczesnych i bezpiecznych suplement\u00f3w diety, obecnym na rynku od 2000 roku. Od 2003 roku nale\u017cymy do grupy Maspex, jednej z najwi\u0119kszych firm w Europie \u015arodkowo-Wschodniej w segmencie produkt\u00f3w spo\u017cywczych.","publisher":{"@id":"https:\/\/polskilek.pl\/en\/#organization"},"potentialAction":[{"@type":"SearchAction","target":{"@type":"EntryPoint","urlTemplate":"https:\/\/polskilek.pl\/en\/?s={search_term_string}"},"query-input":{"@type":"PropertyValueSpecification","valueRequired":true,"valueName":"search_term_string"}}],"inLanguage":"en-US"},{"@type":"Organization","@id":"https:\/\/polskilek.pl\/en\/#organization","name":"Polski Lek","url":"https:\/\/polskilek.pl\/en\/","logo":{"@type":"ImageObject","inLanguage":"en-US","@id":"https:\/\/polskilek.pl\/en\/#\/schema\/logo\/image\/","url":"https:\/\/polskilek.pl\/wp-content\/uploads\/2024\/06\/logo-1.png","contentUrl":"https:\/\/polskilek.pl\/wp-content\/uploads\/2024\/06\/logo-1.png","width":300,"height":64,"caption":"Polski Lek"},"image":{"@id":"https:\/\/polskilek.pl\/en\/#\/schema\/logo\/image\/"}}]}},"_links":{"self":[{"href":"https:\/\/polskilek.pl\/en\/wp-json\/wp\/v2\/pages\/140","targetHints":{"allow":["GET"]}}],"collection":[{"href":"https:\/\/polskilek.pl\/en\/wp-json\/wp\/v2\/pages"}],"about":[{"href":"https:\/\/polskilek.pl\/en\/wp-json\/wp\/v2\/types\/page"}],"author":[{"embeddable":true,"href":"https:\/\/polskilek.pl\/en\/wp-json\/wp\/v2\/users\/1"}],"replies":[{"embeddable":true,"href":"https:\/\/polskilek.pl\/en\/wp-json\/wp\/v2\/comments?post=140"}],"version-history":[{"count":7,"href":"https:\/\/polskilek.pl\/en\/wp-json\/wp\/v2\/pages\/140\/revisions"}],"predecessor-version":[{"id":455,"href":"https:\/\/polskilek.pl\/en\/wp-json\/wp\/v2\/pages\/140\/revisions\/455"}],"wp:attachment":[{"href":"https:\/\/polskilek.pl\/en\/wp-json\/wp\/v2\/media?parent=140"}],"curies":[{"name":"wp","href":"https:\/\/api.w.org\/{rel}","templated":true}]}}