{"id":2166,"date":"2024-06-07T03:59:27","date_gmt":"2024-06-07T01:59:27","guid":{"rendered":"https:\/\/polskilek.proadax-dev.pl\/o-polskim-leku\/"},"modified":"2025-11-13T14:36:26","modified_gmt":"2025-11-13T13:36:26","slug":"about-polski-lek","status":"publish","type":"page","link":"https:\/\/polskilek.pl\/en\/home\/about-polski-lek\/","title":{"rendered":"About Polski Lek"},"content":{"rendered":"<table style=\"border-collapse: collapse; width: 100%;\">\n<tbody>\n<tr>\n<td style=\"width: 100%;\">\n<h3><strong data-start=\"38\" data-end=\"63\">Polski Lek Sp. z o.o.<\/strong> has been operating on the market since 2000.<\/h3>\n<h3>Since 2003, we have been part of the <strong data-start=\"148\" data-end=\"164\">Maspex Group<\/strong>, one of the largest companies in Central and Eastern Europe in the food products segment<\/h3>\n<p>&nbsp;<\/td>\n<\/tr>\n<\/tbody>\n<\/table>\n<div style=\"width: 1920px;\" class=\"wp-video\"><video class=\"wp-video-shortcode\" id=\"video-2166-1\" width=\"1920\" height=\"1080\" preload=\"metadata\" controls=\"controls\"><source type=\"video\/mp4\" src=\"https:\/\/polskilek.pl\/wp-content\/uploads\/2024\/07\/polski-lek-en-compressed.mp4?_=1\" \/><a href=\"https:\/\/polskilek.pl\/wp-content\/uploads\/2024\/07\/polski-lek-en-compressed.mp4\">https:\/\/polskilek.pl\/wp-content\/uploads\/2024\/07\/polski-lek-en-compressed.mp4<\/a><\/video><\/div>\n<table style=\"border-collapse: collapse; width: 99.7921%; height: 251px;\">\n<tbody>\n<tr>\n<td style=\"width: 100.879%;\">\n<p data-start=\"52\" data-end=\"417\"><strong data-start=\"52\" data-end=\"77\">Polski Lek Sp. z o.o.<\/strong> specializes in providing innovative products designed for the most sensitive consumer groups, such as pregnant women, infants, and children. The products are developed based on scientific research, supported by the knowledge and experience of experts. The company\u2019s portfolio also includes a wide range of dietary supplements for adults.<\/p>\n<p data-start=\"419\" data-end=\"806\"><strong data-start=\"419\" data-end=\"444\">Polski Lek Sp. z o.o.<\/strong> meets the highest global standards in production processes and quality management. These standards ensure safety and allow the selection of the best raw materials. Attention to every detail in the manufacturing process translates into consumer trust. The quality of our products is reflected in numerous awards received by the brands belonging to the company.<\/p>\n<p data-start=\"808\" data-end=\"1060\">The company\u2019s dynamic growth motivates our team to consistently pursue our main goal: delivering effective products tailored to our clients\u2019 individual health needs. In response to their expectations, we continuously develop new, innovative products.<\/p>\n<p>We are a manufacturer of high quality products that are produced according to GMP guidelines and standards set by IFS and HACCP. We have at our disposa lwell trained, highly qualified staff, modern, well-equipped premises and high-tech machinery that meets all the requirements of EU regulations and legislation.<\/td>\n<td style=\"width: 0.745157%;\"><\/td>\n<\/tr>\n<\/tbody>\n<\/table>\n<table style=\"border-collapse: collapse; width: 100%;\">\n<tbody>\n<tr>\n<td style=\"width: 100%;\"><strong data-start=\"419\" data-end=\"444\">Polski Lek Sp. z o.o.<\/strong> also offers first-class, high quality services in the field of contractual manufacturing of foodstuffs, in particular dietary supplements and enriched products in the form of tablets, effervescent tablets, pills, lozenges, granules and powders.<\/p>\n<p>Our products have been recognised by some of the most demanding customers around the world. We are therefore confident that we will gain your as well. We offer you wide range of our services and products either under our branding or under your own, whichever is the best solution for you.<\/td>\n<\/tr>\n<\/tbody>\n<\/table>\n<p>&nbsp;<\/p>\n","protected":false},"excerpt":{"rendered":"<p>Polski Lek Sp. z o.o. has been operating on the market since 2000. Since 2003, we have been part of the Maspex Group, one of the largest companies in Central and Eastern Europe in the food products segment &nbsp; Polski Lek Sp. z o.o. specializes in providing innovative products designed for the most sensitive consumer [&hellip;]<\/p>\n","protected":false},"author":1,"featured_media":0,"parent":2157,"menu_order":0,"comment_status":"closed","ping_status":"closed","template":"page-templates\/o-firmie.php","meta":{"_acf_changed":false,"footnotes":""},"class_list":["post-2166","page","type-page","status-publish","hentry"],"acf":[],"yoast_head":"<!-- This site is optimized with the Yoast SEO plugin v27.4 - https:\/\/yoast.com\/product\/yoast-seo-wordpress\/ -->\n<title>About Polski Lek - Polski Lek<\/title>\n<meta name=\"robots\" content=\"index, follow, max-snippet:-1, max-image-preview:large, max-video-preview:-1\" \/>\n<link rel=\"canonical\" href=\"https:\/\/polskilek.pl\/en\/home\/about-polski-lek\/\" \/>\n<meta property=\"og:locale\" content=\"en_US\" \/>\n<meta property=\"og:type\" content=\"article\" \/>\n<meta property=\"og:title\" content=\"About Polski Lek - Polski Lek\" \/>\n<meta property=\"og:description\" content=\"Polski Lek Sp. z o.o. has been operating on the market since 2000. Since 2003, we have been part of the Maspex Group, one of the largest companies in Central and Eastern Europe in the food products segment &nbsp; Polski Lek Sp. z o.o. specializes in providing innovative products designed for the most sensitive consumer [&hellip;]\" \/>\n<meta property=\"og:url\" content=\"https:\/\/polskilek.pl\/en\/home\/about-polski-lek\/\" \/>\n<meta property=\"og:site_name\" content=\"Polski Lek\" \/>\n<meta property=\"article:modified_time\" content=\"2025-11-13T13:36:26+00:00\" \/>\n<meta name=\"twitter:card\" content=\"summary_large_image\" \/>\n<meta name=\"twitter:label1\" content=\"Est. reading time\" \/>\n\t<meta name=\"twitter:data1\" content=\"2 minutes\" \/>\n<script type=\"application\/ld+json\" class=\"yoast-schema-graph\">{\"@context\":\"https:\\\/\\\/schema.org\",\"@graph\":[{\"@type\":\"WebPage\",\"@id\":\"https:\\\/\\\/polskilek.pl\\\/en\\\/home\\\/about-polski-lek\\\/\",\"url\":\"https:\\\/\\\/polskilek.pl\\\/en\\\/home\\\/about-polski-lek\\\/\",\"name\":\"About Polski Lek - Polski Lek\",\"isPartOf\":{\"@id\":\"https:\\\/\\\/polskilek.pl\\\/en\\\/#website\"},\"datePublished\":\"2024-06-07T01:59:27+00:00\",\"dateModified\":\"2025-11-13T13:36:26+00:00\",\"breadcrumb\":{\"@id\":\"https:\\\/\\\/polskilek.pl\\\/en\\\/home\\\/about-polski-lek\\\/#breadcrumb\"},\"inLanguage\":\"en-US\",\"potentialAction\":[{\"@type\":\"ReadAction\",\"target\":[\"https:\\\/\\\/polskilek.pl\\\/en\\\/home\\\/about-polski-lek\\\/\"]}]},{\"@type\":\"BreadcrumbList\",\"@id\":\"https:\\\/\\\/polskilek.pl\\\/en\\\/home\\\/about-polski-lek\\\/#breadcrumb\",\"itemListElement\":[{\"@type\":\"ListItem\",\"position\":1,\"name\":\"Home\",\"item\":\"https:\\\/\\\/polskilek.pl\\\/en\\\/\"},{\"@type\":\"ListItem\",\"position\":2,\"name\":\"Home\",\"item\":\"https:\\\/\\\/polskilek.pl\\\/en\\\/\"},{\"@type\":\"ListItem\",\"position\":3,\"name\":\"About Polski Lek\"}]},{\"@type\":\"WebSite\",\"@id\":\"https:\\\/\\\/polskilek.pl\\\/en\\\/#website\",\"url\":\"https:\\\/\\\/polskilek.pl\\\/en\\\/\",\"name\":\"Polski Lek\",\"description\":\"Polski Lek Sp. z o. o. jest producentem nowoczesnych i bezpiecznych suplement\u00f3w diety, obecnym na rynku od 2000 roku. Od 2003 roku nale\u017cymy do grupy Maspex, jednej z najwi\u0119kszych firm w Europie \u015arodkowo-Wschodniej w segmencie produkt\u00f3w spo\u017cywczych.\",\"publisher\":{\"@id\":\"https:\\\/\\\/polskilek.pl\\\/en\\\/#organization\"},\"potentialAction\":[{\"@type\":\"SearchAction\",\"target\":{\"@type\":\"EntryPoint\",\"urlTemplate\":\"https:\\\/\\\/polskilek.pl\\\/en\\\/?s={search_term_string}\"},\"query-input\":{\"@type\":\"PropertyValueSpecification\",\"valueRequired\":true,\"valueName\":\"search_term_string\"}}],\"inLanguage\":\"en-US\"},{\"@type\":\"Organization\",\"@id\":\"https:\\\/\\\/polskilek.pl\\\/en\\\/#organization\",\"name\":\"Polski Lek\",\"url\":\"https:\\\/\\\/polskilek.pl\\\/en\\\/\",\"logo\":{\"@type\":\"ImageObject\",\"inLanguage\":\"en-US\",\"@id\":\"https:\\\/\\\/polskilek.pl\\\/en\\\/#\\\/schema\\\/logo\\\/image\\\/\",\"url\":\"https:\\\/\\\/polskilek.pl\\\/wp-content\\\/uploads\\\/2024\\\/06\\\/logo-1.png\",\"contentUrl\":\"https:\\\/\\\/polskilek.pl\\\/wp-content\\\/uploads\\\/2024\\\/06\\\/logo-1.png\",\"width\":300,\"height\":64,\"caption\":\"Polski Lek\"},\"image\":{\"@id\":\"https:\\\/\\\/polskilek.pl\\\/en\\\/#\\\/schema\\\/logo\\\/image\\\/\"}}]}<\/script>\n<!-- \/ Yoast SEO plugin. -->","yoast_head_json":{"title":"About Polski Lek - Polski Lek","robots":{"index":"index","follow":"follow","max-snippet":"max-snippet:-1","max-image-preview":"max-image-preview:large","max-video-preview":"max-video-preview:-1"},"canonical":"https:\/\/polskilek.pl\/en\/home\/about-polski-lek\/","og_locale":"en_US","og_type":"article","og_title":"About Polski Lek - Polski Lek","og_description":"Polski Lek Sp. z o.o. has been operating on the market since 2000. Since 2003, we have been part of the Maspex Group, one of the largest companies in Central and Eastern Europe in the food products segment &nbsp; Polski Lek Sp. z o.o. specializes in providing innovative products designed for the most sensitive consumer [&hellip;]","og_url":"https:\/\/polskilek.pl\/en\/home\/about-polski-lek\/","og_site_name":"Polski Lek","article_modified_time":"2025-11-13T13:36:26+00:00","twitter_card":"summary_large_image","twitter_misc":{"Est. reading time":"2 minutes"},"schema":{"@context":"https:\/\/schema.org","@graph":[{"@type":"WebPage","@id":"https:\/\/polskilek.pl\/en\/home\/about-polski-lek\/","url":"https:\/\/polskilek.pl\/en\/home\/about-polski-lek\/","name":"About Polski Lek - Polski Lek","isPartOf":{"@id":"https:\/\/polskilek.pl\/en\/#website"},"datePublished":"2024-06-07T01:59:27+00:00","dateModified":"2025-11-13T13:36:26+00:00","breadcrumb":{"@id":"https:\/\/polskilek.pl\/en\/home\/about-polski-lek\/#breadcrumb"},"inLanguage":"en-US","potentialAction":[{"@type":"ReadAction","target":["https:\/\/polskilek.pl\/en\/home\/about-polski-lek\/"]}]},{"@type":"BreadcrumbList","@id":"https:\/\/polskilek.pl\/en\/home\/about-polski-lek\/#breadcrumb","itemListElement":[{"@type":"ListItem","position":1,"name":"Home","item":"https:\/\/polskilek.pl\/en\/"},{"@type":"ListItem","position":2,"name":"Home","item":"https:\/\/polskilek.pl\/en\/"},{"@type":"ListItem","position":3,"name":"About Polski Lek"}]},{"@type":"WebSite","@id":"https:\/\/polskilek.pl\/en\/#website","url":"https:\/\/polskilek.pl\/en\/","name":"Polski Lek","description":"Polski Lek Sp. z o. o. jest producentem nowoczesnych i bezpiecznych suplement\u00f3w diety, obecnym na rynku od 2000 roku. Od 2003 roku nale\u017cymy do grupy Maspex, jednej z najwi\u0119kszych firm w Europie \u015arodkowo-Wschodniej w segmencie produkt\u00f3w spo\u017cywczych.","publisher":{"@id":"https:\/\/polskilek.pl\/en\/#organization"},"potentialAction":[{"@type":"SearchAction","target":{"@type":"EntryPoint","urlTemplate":"https:\/\/polskilek.pl\/en\/?s={search_term_string}"},"query-input":{"@type":"PropertyValueSpecification","valueRequired":true,"valueName":"search_term_string"}}],"inLanguage":"en-US"},{"@type":"Organization","@id":"https:\/\/polskilek.pl\/en\/#organization","name":"Polski Lek","url":"https:\/\/polskilek.pl\/en\/","logo":{"@type":"ImageObject","inLanguage":"en-US","@id":"https:\/\/polskilek.pl\/en\/#\/schema\/logo\/image\/","url":"https:\/\/polskilek.pl\/wp-content\/uploads\/2024\/06\/logo-1.png","contentUrl":"https:\/\/polskilek.pl\/wp-content\/uploads\/2024\/06\/logo-1.png","width":300,"height":64,"caption":"Polski Lek"},"image":{"@id":"https:\/\/polskilek.pl\/en\/#\/schema\/logo\/image\/"}}]}},"_links":{"self":[{"href":"https:\/\/polskilek.pl\/en\/wp-json\/wp\/v2\/pages\/2166","targetHints":{"allow":["GET"]}}],"collection":[{"href":"https:\/\/polskilek.pl\/en\/wp-json\/wp\/v2\/pages"}],"about":[{"href":"https:\/\/polskilek.pl\/en\/wp-json\/wp\/v2\/types\/page"}],"author":[{"embeddable":true,"href":"https:\/\/polskilek.pl\/en\/wp-json\/wp\/v2\/users\/1"}],"replies":[{"embeddable":true,"href":"https:\/\/polskilek.pl\/en\/wp-json\/wp\/v2\/comments?post=2166"}],"version-history":[{"count":32,"href":"https:\/\/polskilek.pl\/en\/wp-json\/wp\/v2\/pages\/2166\/revisions"}],"predecessor-version":[{"id":5136,"href":"https:\/\/polskilek.pl\/en\/wp-json\/wp\/v2\/pages\/2166\/revisions\/5136"}],"up":[{"embeddable":true,"href":"https:\/\/polskilek.pl\/en\/wp-json\/wp\/v2\/pages\/2157"}],"wp:attachment":[{"href":"https:\/\/polskilek.pl\/en\/wp-json\/wp\/v2\/media?parent=2166"}],"curies":[{"name":"wp","href":"https:\/\/api.w.org\/{rel}","templated":true}]}}