{"id":32,"date":"2024-06-07T04:00:34","date_gmt":"2024-06-07T02:00:34","guid":{"rendered":"http:\/\/www.polskilek.fl\/?page_id=32"},"modified":"2024-12-02T10:27:36","modified_gmt":"2024-12-02T09:27:36","slug":"kariera","status":"publish","type":"page","link":"https:\/\/polskilek.pl\/en\/kariera\/","title":{"rendered":"Kariera"},"content":{"rendered":"<p>&nbsp;<\/p>\n<p>Sukces firmy to przede wszystkim ludzie, kt\u00f3rzy stanowi\u0105 jej najwi\u0119ksz\u0105 warto\u015b\u0107.<br \/>\nInwestowanie w rozw\u00f3j kadry pracowniczej to jedna z g\u0142\u00f3wnych misji firmy. Naszym pracownikom zapewniamy nowoczesne narz\u0119dzia pracy, dost\u0119p do materia\u0142\u00f3w edukacyjnych oraz szkolenia rozwijaj\u0105ce kompetencje.<\/p>\n<p>W firmie Polski Lek panuje przyjazna i zespo\u0142owa atmosfera. Wsp\u00f3lnie pracujemy na sukces firmy!<br \/>\nPraca w Polskim Leku to przede wszystkim mo\u017cliwo\u015b\u0107 zdobywania wiedzy i doskonalenia swoich umiej\u0119tno\u015bci. D\u0105\u017cymy do tego, aby nasi pracownicy od samego pocz\u0105tku czuli si\u0119 odpowiedzialni za swoj\u0105 prac\u0119 oraz zaanga\u017cowani w to, co robi\u0105.<\/p>\n","protected":false},"excerpt":{"rendered":"<p>&nbsp; Sukces firmy to przede wszystkim ludzie, kt\u00f3rzy stanowi\u0105 jej najwi\u0119ksz\u0105 warto\u015b\u0107. Inwestowanie w rozw\u00f3j kadry pracowniczej to jedna z g\u0142\u00f3wnych misji firmy. Naszym pracownikom zapewniamy nowoczesne narz\u0119dzia pracy, dost\u0119p do materia\u0142\u00f3w edukacyjnych oraz szkolenia rozwijaj\u0105ce kompetencje. W firmie Polski Lek panuje przyjazna i zespo\u0142owa atmosfera. Wsp\u00f3lnie pracujemy na sukces firmy! Praca w Polskim Leku [&hellip;]<\/p>\n","protected":false},"author":1,"featured_media":0,"parent":0,"menu_order":0,"comment_status":"closed","ping_status":"closed","template":"page-templates\/kariera.php","meta":{"_acf_changed":false,"footnotes":""},"class_list":["post-32","page","type-page","status-publish","hentry"],"acf":[],"yoast_head":"<!-- This site is optimized with the Yoast SEO plugin v27.4 - https:\/\/yoast.com\/product\/yoast-seo-wordpress\/ -->\n<title>Kariera - Polski Lek<\/title>\n<meta name=\"robots\" content=\"index, follow, max-snippet:-1, max-image-preview:large, max-video-preview:-1\" \/>\n<link rel=\"canonical\" href=\"https:\/\/polskilek.pl\/en\/kariera\/\" \/>\n<meta property=\"og:locale\" content=\"en_US\" \/>\n<meta property=\"og:type\" content=\"article\" \/>\n<meta property=\"og:title\" content=\"Kariera - Polski Lek\" \/>\n<meta property=\"og:description\" content=\"&nbsp; Sukces firmy to przede wszystkim ludzie, kt\u00f3rzy stanowi\u0105 jej najwi\u0119ksz\u0105 warto\u015b\u0107. Inwestowanie w rozw\u00f3j kadry pracowniczej to jedna z g\u0142\u00f3wnych misji firmy. Naszym pracownikom zapewniamy nowoczesne narz\u0119dzia pracy, dost\u0119p do materia\u0142\u00f3w edukacyjnych oraz szkolenia rozwijaj\u0105ce kompetencje. W firmie Polski Lek panuje przyjazna i zespo\u0142owa atmosfera. Wsp\u00f3lnie pracujemy na sukces firmy! Praca w Polskim Leku [&hellip;]\" \/>\n<meta property=\"og:url\" content=\"https:\/\/polskilek.pl\/en\/kariera\/\" \/>\n<meta property=\"og:site_name\" content=\"Polski Lek\" \/>\n<meta property=\"article:modified_time\" content=\"2024-12-02T09:27:36+00:00\" \/>\n<meta name=\"twitter:card\" content=\"summary_large_image\" \/>\n<meta name=\"twitter:label1\" content=\"Est. reading time\" \/>\n\t<meta name=\"twitter:data1\" content=\"1 minute\" \/>\n<script type=\"application\/ld+json\" class=\"yoast-schema-graph\">{\"@context\":\"https:\\\/\\\/schema.org\",\"@graph\":[{\"@type\":\"WebPage\",\"@id\":\"https:\\\/\\\/polskilek.pl\\\/en\\\/kariera\\\/\",\"url\":\"https:\\\/\\\/polskilek.pl\\\/en\\\/kariera\\\/\",\"name\":\"Kariera - Polski Lek\",\"isPartOf\":{\"@id\":\"https:\\\/\\\/polskilek.pl\\\/en\\\/#website\"},\"datePublished\":\"2024-06-07T02:00:34+00:00\",\"dateModified\":\"2024-12-02T09:27:36+00:00\",\"breadcrumb\":{\"@id\":\"https:\\\/\\\/polskilek.pl\\\/en\\\/kariera\\\/#breadcrumb\"},\"inLanguage\":\"en-US\",\"potentialAction\":[{\"@type\":\"ReadAction\",\"target\":[\"https:\\\/\\\/polskilek.pl\\\/en\\\/kariera\\\/\"]}]},{\"@type\":\"BreadcrumbList\",\"@id\":\"https:\\\/\\\/polskilek.pl\\\/en\\\/kariera\\\/#breadcrumb\",\"itemListElement\":[{\"@type\":\"ListItem\",\"position\":1,\"name\":\"Home\",\"item\":\"https:\\\/\\\/polskilek.pl\\\/en\\\/\"},{\"@type\":\"ListItem\",\"position\":2,\"name\":\"Kariera\"}]},{\"@type\":\"WebSite\",\"@id\":\"https:\\\/\\\/polskilek.pl\\\/en\\\/#website\",\"url\":\"https:\\\/\\\/polskilek.pl\\\/en\\\/\",\"name\":\"Polski Lek\",\"description\":\"Polski Lek Sp. z o. o. jest producentem nowoczesnych i bezpiecznych suplement\u00f3w diety, obecnym na rynku od 2000 roku. Od 2003 roku nale\u017cymy do grupy Maspex, jednej z najwi\u0119kszych firm w Europie \u015arodkowo-Wschodniej w segmencie produkt\u00f3w spo\u017cywczych.\",\"publisher\":{\"@id\":\"https:\\\/\\\/polskilek.pl\\\/en\\\/#organization\"},\"potentialAction\":[{\"@type\":\"SearchAction\",\"target\":{\"@type\":\"EntryPoint\",\"urlTemplate\":\"https:\\\/\\\/polskilek.pl\\\/en\\\/?s={search_term_string}\"},\"query-input\":{\"@type\":\"PropertyValueSpecification\",\"valueRequired\":true,\"valueName\":\"search_term_string\"}}],\"inLanguage\":\"en-US\"},{\"@type\":\"Organization\",\"@id\":\"https:\\\/\\\/polskilek.pl\\\/en\\\/#organization\",\"name\":\"Polski Lek\",\"url\":\"https:\\\/\\\/polskilek.pl\\\/en\\\/\",\"logo\":{\"@type\":\"ImageObject\",\"inLanguage\":\"en-US\",\"@id\":\"https:\\\/\\\/polskilek.pl\\\/en\\\/#\\\/schema\\\/logo\\\/image\\\/\",\"url\":\"https:\\\/\\\/polskilek.pl\\\/wp-content\\\/uploads\\\/2024\\\/06\\\/logo-1.png\",\"contentUrl\":\"https:\\\/\\\/polskilek.pl\\\/wp-content\\\/uploads\\\/2024\\\/06\\\/logo-1.png\",\"width\":300,\"height\":64,\"caption\":\"Polski Lek\"},\"image\":{\"@id\":\"https:\\\/\\\/polskilek.pl\\\/en\\\/#\\\/schema\\\/logo\\\/image\\\/\"}}]}<\/script>\n<!-- \/ Yoast SEO plugin. -->","yoast_head_json":{"title":"Kariera - Polski Lek","robots":{"index":"index","follow":"follow","max-snippet":"max-snippet:-1","max-image-preview":"max-image-preview:large","max-video-preview":"max-video-preview:-1"},"canonical":"https:\/\/polskilek.pl\/en\/kariera\/","og_locale":"en_US","og_type":"article","og_title":"Kariera - Polski Lek","og_description":"&nbsp; Sukces firmy to przede wszystkim ludzie, kt\u00f3rzy stanowi\u0105 jej najwi\u0119ksz\u0105 warto\u015b\u0107. Inwestowanie w rozw\u00f3j kadry pracowniczej to jedna z g\u0142\u00f3wnych misji firmy. Naszym pracownikom zapewniamy nowoczesne narz\u0119dzia pracy, dost\u0119p do materia\u0142\u00f3w edukacyjnych oraz szkolenia rozwijaj\u0105ce kompetencje. W firmie Polski Lek panuje przyjazna i zespo\u0142owa atmosfera. Wsp\u00f3lnie pracujemy na sukces firmy! Praca w Polskim Leku [&hellip;]","og_url":"https:\/\/polskilek.pl\/en\/kariera\/","og_site_name":"Polski Lek","article_modified_time":"2024-12-02T09:27:36+00:00","twitter_card":"summary_large_image","twitter_misc":{"Est. reading time":"1 minute"},"schema":{"@context":"https:\/\/schema.org","@graph":[{"@type":"WebPage","@id":"https:\/\/polskilek.pl\/en\/kariera\/","url":"https:\/\/polskilek.pl\/en\/kariera\/","name":"Kariera - Polski Lek","isPartOf":{"@id":"https:\/\/polskilek.pl\/en\/#website"},"datePublished":"2024-06-07T02:00:34+00:00","dateModified":"2024-12-02T09:27:36+00:00","breadcrumb":{"@id":"https:\/\/polskilek.pl\/en\/kariera\/#breadcrumb"},"inLanguage":"en-US","potentialAction":[{"@type":"ReadAction","target":["https:\/\/polskilek.pl\/en\/kariera\/"]}]},{"@type":"BreadcrumbList","@id":"https:\/\/polskilek.pl\/en\/kariera\/#breadcrumb","itemListElement":[{"@type":"ListItem","position":1,"name":"Home","item":"https:\/\/polskilek.pl\/en\/"},{"@type":"ListItem","position":2,"name":"Kariera"}]},{"@type":"WebSite","@id":"https:\/\/polskilek.pl\/en\/#website","url":"https:\/\/polskilek.pl\/en\/","name":"Polski Lek","description":"Polski Lek Sp. z o. o. jest producentem nowoczesnych i bezpiecznych suplement\u00f3w diety, obecnym na rynku od 2000 roku. Od 2003 roku nale\u017cymy do grupy Maspex, jednej z najwi\u0119kszych firm w Europie \u015arodkowo-Wschodniej w segmencie produkt\u00f3w spo\u017cywczych.","publisher":{"@id":"https:\/\/polskilek.pl\/en\/#organization"},"potentialAction":[{"@type":"SearchAction","target":{"@type":"EntryPoint","urlTemplate":"https:\/\/polskilek.pl\/en\/?s={search_term_string}"},"query-input":{"@type":"PropertyValueSpecification","valueRequired":true,"valueName":"search_term_string"}}],"inLanguage":"en-US"},{"@type":"Organization","@id":"https:\/\/polskilek.pl\/en\/#organization","name":"Polski Lek","url":"https:\/\/polskilek.pl\/en\/","logo":{"@type":"ImageObject","inLanguage":"en-US","@id":"https:\/\/polskilek.pl\/en\/#\/schema\/logo\/image\/","url":"https:\/\/polskilek.pl\/wp-content\/uploads\/2024\/06\/logo-1.png","contentUrl":"https:\/\/polskilek.pl\/wp-content\/uploads\/2024\/06\/logo-1.png","width":300,"height":64,"caption":"Polski Lek"},"image":{"@id":"https:\/\/polskilek.pl\/en\/#\/schema\/logo\/image\/"}}]}},"_links":{"self":[{"href":"https:\/\/polskilek.pl\/en\/wp-json\/wp\/v2\/pages\/32","targetHints":{"allow":["GET"]}}],"collection":[{"href":"https:\/\/polskilek.pl\/en\/wp-json\/wp\/v2\/pages"}],"about":[{"href":"https:\/\/polskilek.pl\/en\/wp-json\/wp\/v2\/types\/page"}],"author":[{"embeddable":true,"href":"https:\/\/polskilek.pl\/en\/wp-json\/wp\/v2\/users\/1"}],"replies":[{"embeddable":true,"href":"https:\/\/polskilek.pl\/en\/wp-json\/wp\/v2\/comments?post=32"}],"version-history":[{"count":4,"href":"https:\/\/polskilek.pl\/en\/wp-json\/wp\/v2\/pages\/32\/revisions"}],"predecessor-version":[{"id":3965,"href":"https:\/\/polskilek.pl\/en\/wp-json\/wp\/v2\/pages\/32\/revisions\/3965"}],"wp:attachment":[{"href":"https:\/\/polskilek.pl\/en\/wp-json\/wp\/v2\/media?parent=32"}],"curies":[{"name":"wp","href":"https:\/\/api.w.org\/{rel}","templated":true}]}}