{"id":5368,"date":"2025-11-27T10:19:52","date_gmt":"2025-11-27T09:19:52","guid":{"rendered":"https:\/\/polskilek.pl\/?page_id=5368"},"modified":"2025-11-27T10:21:57","modified_gmt":"2025-11-27T09:21:57","slug":"newsletter","status":"publish","type":"page","link":"https:\/\/polskilek.pl\/en\/newsletter\/","title":{"rendered":"Newsletter"},"content":{"rendered":"<p data-start=\"40\" data-end=\"230\">We at <strong data-start=\"46\" data-end=\"71\">Polski Lek Sp. z o.o.<\/strong> value your interest in our products and services. To continue sharing updates, promotions, and industry news, we need your consent to receive our newsletters. \u00a0Your personal data will be handled with the utmost care in accordance with the <a href=\"https:\/\/polskilek.pl\/wp-content\/uploads\/2024\/07\/information-clause-regarding-processing-of-personal-data-polski-lek-250624.pdf\"><strong data-start=\"406\" data-end=\"426\">Privacy Policy<\/strong><\/a><\/p>\n<p data-start=\"403\" data-end=\"430\" data-is-last-node=\"\" data-is-only-node=\"\">Thank you for your support.<\/p>\n<h2 style=\"text-align: center;\" data-start=\"403\" data-end=\"430\">SCAN THE QR CODE or TAP HERE to subscribe to our newsletter. Stay tuned!<\/h2>\n<p><a href=\"https:\/\/forms.office.com\/Pages\/ResponsePage.aspx?id=D9CUe42we020BFp6zP3ahApBhuofkARHqJ5iut6ISG5URFQwMDA2REUxTDIzQkZXTlBIQ1dYMEk2WC4u\"><img loading=\"lazy\" decoding=\"async\" class=\"alignnone size-full wp-image-5369\" src=\"https:\/\/polskilek.pl\/wp-content\/uploads\/2025\/11\/newsletter-qr.jpg\" alt=\"\" width=\"1920\" height=\"415\" \/><\/a><\/p>\n","protected":false},"excerpt":{"rendered":"<p>We at Polski Lek Sp. z o.o. value your interest in our products and services. To continue sharing updates, promotions, and industry news, we need your consent to receive our newsletters. \u00a0Your personal data will be handled with the utmost care in accordance with the Privacy Policy Thank you for your support. SCAN THE QR [&hellip;]<\/p>\n","protected":false},"author":5,"featured_media":0,"parent":0,"menu_order":0,"comment_status":"closed","ping_status":"closed","template":"","meta":{"_acf_changed":false,"footnotes":""},"class_list":["post-5368","page","type-page","status-publish","hentry"],"acf":[],"yoast_head":"<!-- This site is optimized with the Yoast SEO plugin v27.4 - https:\/\/yoast.com\/product\/yoast-seo-wordpress\/ -->\n<title>Newsletter - Polski Lek<\/title>\n<meta name=\"robots\" content=\"index, follow, max-snippet:-1, max-image-preview:large, max-video-preview:-1\" \/>\n<link rel=\"canonical\" href=\"https:\/\/polskilek.pl\/en\/newsletter\/\" \/>\n<meta property=\"og:locale\" content=\"en_US\" \/>\n<meta property=\"og:type\" content=\"article\" \/>\n<meta property=\"og:title\" content=\"Newsletter - Polski Lek\" \/>\n<meta property=\"og:description\" content=\"We at Polski Lek Sp. z o.o. value your interest in our products and services. To continue sharing updates, promotions, and industry news, we need your consent to receive our newsletters. \u00a0Your personal data will be handled with the utmost care in accordance with the Privacy Policy Thank you for your support. SCAN THE QR [&hellip;]\" \/>\n<meta property=\"og:url\" content=\"https:\/\/polskilek.pl\/en\/newsletter\/\" \/>\n<meta property=\"og:site_name\" content=\"Polski Lek\" \/>\n<meta property=\"article:modified_time\" content=\"2025-11-27T09:21:57+00:00\" \/>\n<meta property=\"og:image\" content=\"https:\/\/polskilek.pl\/wp-content\/uploads\/2025\/11\/newsletter-qr.jpg\" \/>\n<meta name=\"twitter:card\" content=\"summary_large_image\" \/>\n<meta name=\"twitter:label1\" content=\"Est. reading time\" \/>\n\t<meta name=\"twitter:data1\" content=\"1 minute\" \/>\n<script type=\"application\/ld+json\" class=\"yoast-schema-graph\">{\"@context\":\"https:\\\/\\\/schema.org\",\"@graph\":[{\"@type\":\"WebPage\",\"@id\":\"https:\\\/\\\/polskilek.pl\\\/en\\\/newsletter\\\/\",\"url\":\"https:\\\/\\\/polskilek.pl\\\/en\\\/newsletter\\\/\",\"name\":\"Newsletter - Polski Lek\",\"isPartOf\":{\"@id\":\"https:\\\/\\\/polskilek.pl\\\/en\\\/#website\"},\"primaryImageOfPage\":{\"@id\":\"https:\\\/\\\/polskilek.pl\\\/en\\\/newsletter\\\/#primaryimage\"},\"image\":{\"@id\":\"https:\\\/\\\/polskilek.pl\\\/en\\\/newsletter\\\/#primaryimage\"},\"thumbnailUrl\":\"https:\\\/\\\/polskilek.pl\\\/wp-content\\\/uploads\\\/2025\\\/11\\\/newsletter-qr.jpg\",\"datePublished\":\"2025-11-27T09:19:52+00:00\",\"dateModified\":\"2025-11-27T09:21:57+00:00\",\"breadcrumb\":{\"@id\":\"https:\\\/\\\/polskilek.pl\\\/en\\\/newsletter\\\/#breadcrumb\"},\"inLanguage\":\"en-US\",\"potentialAction\":[{\"@type\":\"ReadAction\",\"target\":[\"https:\\\/\\\/polskilek.pl\\\/en\\\/newsletter\\\/\"]}]},{\"@type\":\"ImageObject\",\"inLanguage\":\"en-US\",\"@id\":\"https:\\\/\\\/polskilek.pl\\\/en\\\/newsletter\\\/#primaryimage\",\"url\":\"https:\\\/\\\/polskilek.pl\\\/wp-content\\\/uploads\\\/2025\\\/11\\\/newsletter-qr.jpg\",\"contentUrl\":\"https:\\\/\\\/polskilek.pl\\\/wp-content\\\/uploads\\\/2025\\\/11\\\/newsletter-qr.jpg\"},{\"@type\":\"BreadcrumbList\",\"@id\":\"https:\\\/\\\/polskilek.pl\\\/en\\\/newsletter\\\/#breadcrumb\",\"itemListElement\":[{\"@type\":\"ListItem\",\"position\":1,\"name\":\"Home\",\"item\":\"https:\\\/\\\/polskilek.pl\\\/en\\\/\"},{\"@type\":\"ListItem\",\"position\":2,\"name\":\"Newsletter\"}]},{\"@type\":\"WebSite\",\"@id\":\"https:\\\/\\\/polskilek.pl\\\/en\\\/#website\",\"url\":\"https:\\\/\\\/polskilek.pl\\\/en\\\/\",\"name\":\"Polski Lek\",\"description\":\"Polski Lek Sp. z o. o. jest producentem nowoczesnych i bezpiecznych suplement\u00f3w diety, obecnym na rynku od 2000 roku. Od 2003 roku nale\u017cymy do grupy Maspex, jednej z najwi\u0119kszych firm w Europie \u015arodkowo-Wschodniej w segmencie produkt\u00f3w spo\u017cywczych.\",\"publisher\":{\"@id\":\"https:\\\/\\\/polskilek.pl\\\/en\\\/#organization\"},\"potentialAction\":[{\"@type\":\"SearchAction\",\"target\":{\"@type\":\"EntryPoint\",\"urlTemplate\":\"https:\\\/\\\/polskilek.pl\\\/en\\\/?s={search_term_string}\"},\"query-input\":{\"@type\":\"PropertyValueSpecification\",\"valueRequired\":true,\"valueName\":\"search_term_string\"}}],\"inLanguage\":\"en-US\"},{\"@type\":\"Organization\",\"@id\":\"https:\\\/\\\/polskilek.pl\\\/en\\\/#organization\",\"name\":\"Polski Lek\",\"url\":\"https:\\\/\\\/polskilek.pl\\\/en\\\/\",\"logo\":{\"@type\":\"ImageObject\",\"inLanguage\":\"en-US\",\"@id\":\"https:\\\/\\\/polskilek.pl\\\/en\\\/#\\\/schema\\\/logo\\\/image\\\/\",\"url\":\"https:\\\/\\\/polskilek.pl\\\/wp-content\\\/uploads\\\/2024\\\/06\\\/logo-1.png\",\"contentUrl\":\"https:\\\/\\\/polskilek.pl\\\/wp-content\\\/uploads\\\/2024\\\/06\\\/logo-1.png\",\"width\":300,\"height\":64,\"caption\":\"Polski Lek\"},\"image\":{\"@id\":\"https:\\\/\\\/polskilek.pl\\\/en\\\/#\\\/schema\\\/logo\\\/image\\\/\"}}]}<\/script>\n<!-- \/ Yoast SEO plugin. -->","yoast_head_json":{"title":"Newsletter - Polski Lek","robots":{"index":"index","follow":"follow","max-snippet":"max-snippet:-1","max-image-preview":"max-image-preview:large","max-video-preview":"max-video-preview:-1"},"canonical":"https:\/\/polskilek.pl\/en\/newsletter\/","og_locale":"en_US","og_type":"article","og_title":"Newsletter - Polski Lek","og_description":"We at Polski Lek Sp. z o.o. value your interest in our products and services. To continue sharing updates, promotions, and industry news, we need your consent to receive our newsletters. \u00a0Your personal data will be handled with the utmost care in accordance with the Privacy Policy Thank you for your support. SCAN THE QR [&hellip;]","og_url":"https:\/\/polskilek.pl\/en\/newsletter\/","og_site_name":"Polski Lek","article_modified_time":"2025-11-27T09:21:57+00:00","og_image":[{"url":"https:\/\/polskilek.pl\/wp-content\/uploads\/2025\/11\/newsletter-qr.jpg","type":"","width":"","height":""}],"twitter_card":"summary_large_image","twitter_misc":{"Est. reading time":"1 minute"},"schema":{"@context":"https:\/\/schema.org","@graph":[{"@type":"WebPage","@id":"https:\/\/polskilek.pl\/en\/newsletter\/","url":"https:\/\/polskilek.pl\/en\/newsletter\/","name":"Newsletter - Polski Lek","isPartOf":{"@id":"https:\/\/polskilek.pl\/en\/#website"},"primaryImageOfPage":{"@id":"https:\/\/polskilek.pl\/en\/newsletter\/#primaryimage"},"image":{"@id":"https:\/\/polskilek.pl\/en\/newsletter\/#primaryimage"},"thumbnailUrl":"https:\/\/polskilek.pl\/wp-content\/uploads\/2025\/11\/newsletter-qr.jpg","datePublished":"2025-11-27T09:19:52+00:00","dateModified":"2025-11-27T09:21:57+00:00","breadcrumb":{"@id":"https:\/\/polskilek.pl\/en\/newsletter\/#breadcrumb"},"inLanguage":"en-US","potentialAction":[{"@type":"ReadAction","target":["https:\/\/polskilek.pl\/en\/newsletter\/"]}]},{"@type":"ImageObject","inLanguage":"en-US","@id":"https:\/\/polskilek.pl\/en\/newsletter\/#primaryimage","url":"https:\/\/polskilek.pl\/wp-content\/uploads\/2025\/11\/newsletter-qr.jpg","contentUrl":"https:\/\/polskilek.pl\/wp-content\/uploads\/2025\/11\/newsletter-qr.jpg"},{"@type":"BreadcrumbList","@id":"https:\/\/polskilek.pl\/en\/newsletter\/#breadcrumb","itemListElement":[{"@type":"ListItem","position":1,"name":"Home","item":"https:\/\/polskilek.pl\/en\/"},{"@type":"ListItem","position":2,"name":"Newsletter"}]},{"@type":"WebSite","@id":"https:\/\/polskilek.pl\/en\/#website","url":"https:\/\/polskilek.pl\/en\/","name":"Polski Lek","description":"Polski Lek Sp. z o. o. jest producentem nowoczesnych i bezpiecznych suplement\u00f3w diety, obecnym na rynku od 2000 roku. Od 2003 roku nale\u017cymy do grupy Maspex, jednej z najwi\u0119kszych firm w Europie \u015arodkowo-Wschodniej w segmencie produkt\u00f3w spo\u017cywczych.","publisher":{"@id":"https:\/\/polskilek.pl\/en\/#organization"},"potentialAction":[{"@type":"SearchAction","target":{"@type":"EntryPoint","urlTemplate":"https:\/\/polskilek.pl\/en\/?s={search_term_string}"},"query-input":{"@type":"PropertyValueSpecification","valueRequired":true,"valueName":"search_term_string"}}],"inLanguage":"en-US"},{"@type":"Organization","@id":"https:\/\/polskilek.pl\/en\/#organization","name":"Polski Lek","url":"https:\/\/polskilek.pl\/en\/","logo":{"@type":"ImageObject","inLanguage":"en-US","@id":"https:\/\/polskilek.pl\/en\/#\/schema\/logo\/image\/","url":"https:\/\/polskilek.pl\/wp-content\/uploads\/2024\/06\/logo-1.png","contentUrl":"https:\/\/polskilek.pl\/wp-content\/uploads\/2024\/06\/logo-1.png","width":300,"height":64,"caption":"Polski Lek"},"image":{"@id":"https:\/\/polskilek.pl\/en\/#\/schema\/logo\/image\/"}}]}},"_links":{"self":[{"href":"https:\/\/polskilek.pl\/en\/wp-json\/wp\/v2\/pages\/5368","targetHints":{"allow":["GET"]}}],"collection":[{"href":"https:\/\/polskilek.pl\/en\/wp-json\/wp\/v2\/pages"}],"about":[{"href":"https:\/\/polskilek.pl\/en\/wp-json\/wp\/v2\/types\/page"}],"author":[{"embeddable":true,"href":"https:\/\/polskilek.pl\/en\/wp-json\/wp\/v2\/users\/5"}],"replies":[{"embeddable":true,"href":"https:\/\/polskilek.pl\/en\/wp-json\/wp\/v2\/comments?post=5368"}],"version-history":[{"count":3,"href":"https:\/\/polskilek.pl\/en\/wp-json\/wp\/v2\/pages\/5368\/revisions"}],"predecessor-version":[{"id":5375,"href":"https:\/\/polskilek.pl\/en\/wp-json\/wp\/v2\/pages\/5368\/revisions\/5375"}],"wp:attachment":[{"href":"https:\/\/polskilek.pl\/en\/wp-json\/wp\/v2\/media?parent=5368"}],"curies":[{"name":"wp","href":"https:\/\/api.w.org\/{rel}","templated":true}]}}