{"id":142,"date":"2024-06-07T14:36:01","date_gmt":"2024-06-07T12:36:01","guid":{"rendered":"https:\/\/polskilek.proadax-dev.pl\/?page_id=142"},"modified":"2024-07-16T14:16:22","modified_gmt":"2024-07-16T12:16:22","slug":"misja-i-wizja","status":"publish","type":"page","link":"https:\/\/polskilek.pl\/es\/o-polskim-leku\/misja-i-wizja\/","title":{"rendered":"Misja i wizja"},"content":{"rendered":"<table style=\"border-collapse: collapse; width: 100%;\">\n<tbody>\n<tr>\n<td style=\"width: 50%;\">\n<h3 style=\"text-align: center;\">Nasza misja<\/h3>\n<p style=\"text-align: center;\">Nieustannie si\u0119 rozwijamy, aby odpowiedzialnie i z pasj\u0105 tworzy\u0107 wysokiej jako\u015bci produkty, kt\u00f3re towarzysz\u0105 ludziom na co dzie\u0144.<\/p>\n<\/td>\n<td style=\"width: 50%;\">\n<h3 style=\"text-align: center;\">Nasza wizja<\/h3>\n<p style=\"text-align: center;\">Jeste\u015bmy Liderem rynku, kt\u00f3ry poprzez najwy\u017csz\u0105 jako\u015b\u0107 i innowacyjno\u015b\u0107 buduje swoj\u0105 pozycj\u0119 rynkow\u0105. Dzia\u0142amy z trosk\u0105 i odpowiedzialno\u015bci\u0105 za ludzi i otoczenie.<\/p>\n<\/td>\n<\/tr>\n<\/tbody>\n<\/table>\n","protected":false},"excerpt":{"rendered":"<p>Nasza misja Nieustannie si\u0119 rozwijamy, aby odpowiedzialnie i z pasj\u0105 tworzy\u0107 wysokiej jako\u015bci produkty, kt\u00f3re towarzysz\u0105 ludziom na co dzie\u0144. Nasza wizja Jeste\u015bmy Liderem rynku, kt\u00f3ry poprzez najwy\u017csz\u0105 jako\u015b\u0107 i innowacyjno\u015b\u0107 buduje swoj\u0105 pozycj\u0119 rynkow\u0105. Dzia\u0142amy z trosk\u0105 i odpowiedzialno\u015bci\u0105 za ludzi i otoczenie.<\/p>\n","protected":false},"author":1,"featured_media":0,"parent":20,"menu_order":0,"comment_status":"closed","ping_status":"closed","template":"page-templates\/misja.php","meta":{"_acf_changed":false,"footnotes":""},"class_list":["post-142","page","type-page","status-publish","hentry"],"acf":[],"yoast_head":"<!-- This site is optimized with the Yoast SEO plugin v27.4 - https:\/\/yoast.com\/product\/yoast-seo-wordpress\/ -->\n<title>Misja i wizja - Polski Lek<\/title>\n<meta name=\"robots\" content=\"index, follow, max-snippet:-1, max-image-preview:large, max-video-preview:-1\" \/>\n<link rel=\"canonical\" href=\"https:\/\/polskilek.pl\/es\/o-polskim-leku\/misja-i-wizja\/\" \/>\n<meta property=\"og:locale\" content=\"es_ES\" \/>\n<meta property=\"og:type\" content=\"article\" \/>\n<meta property=\"og:title\" content=\"Misja i wizja - Polski Lek\" \/>\n<meta property=\"og:description\" content=\"Nasza misja Nieustannie si\u0119 rozwijamy, aby odpowiedzialnie i z pasj\u0105 tworzy\u0107 wysokiej jako\u015bci produkty, kt\u00f3re towarzysz\u0105 ludziom na co dzie\u0144. Nasza wizja Jeste\u015bmy Liderem rynku, kt\u00f3ry poprzez najwy\u017csz\u0105 jako\u015b\u0107 i innowacyjno\u015b\u0107 buduje swoj\u0105 pozycj\u0119 rynkow\u0105. Dzia\u0142amy z trosk\u0105 i odpowiedzialno\u015bci\u0105 za ludzi i otoczenie.\" \/>\n<meta property=\"og:url\" content=\"https:\/\/polskilek.pl\/es\/o-polskim-leku\/misja-i-wizja\/\" \/>\n<meta property=\"og:site_name\" content=\"Polski Lek\" \/>\n<meta property=\"article:modified_time\" content=\"2024-07-16T12:16:22+00:00\" \/>\n<meta name=\"twitter:card\" content=\"summary_large_image\" \/>\n<meta name=\"twitter:label1\" content=\"Tiempo de lectura\" \/>\n\t<meta name=\"twitter:data1\" content=\"1 minuto\" \/>\n<script type=\"application\/ld+json\" class=\"yoast-schema-graph\">{\"@context\":\"https:\\\/\\\/schema.org\",\"@graph\":[{\"@type\":\"WebPage\",\"@id\":\"https:\\\/\\\/polskilek.pl\\\/es\\\/o-polskim-leku\\\/misja-i-wizja\\\/\",\"url\":\"https:\\\/\\\/polskilek.pl\\\/es\\\/o-polskim-leku\\\/misja-i-wizja\\\/\",\"name\":\"Misja i wizja - Polski Lek\",\"isPartOf\":{\"@id\":\"https:\\\/\\\/polskilek.pl\\\/es\\\/#website\"},\"datePublished\":\"2024-06-07T12:36:01+00:00\",\"dateModified\":\"2024-07-16T12:16:22+00:00\",\"breadcrumb\":{\"@id\":\"https:\\\/\\\/polskilek.pl\\\/es\\\/o-polskim-leku\\\/misja-i-wizja\\\/#breadcrumb\"},\"inLanguage\":\"es\",\"potentialAction\":[{\"@type\":\"ReadAction\",\"target\":[\"https:\\\/\\\/polskilek.pl\\\/es\\\/o-polskim-leku\\\/misja-i-wizja\\\/\"]}]},{\"@type\":\"BreadcrumbList\",\"@id\":\"https:\\\/\\\/polskilek.pl\\\/es\\\/o-polskim-leku\\\/misja-i-wizja\\\/#breadcrumb\",\"itemListElement\":[{\"@type\":\"ListItem\",\"position\":1,\"name\":\"Home\",\"item\":\"https:\\\/\\\/polskilek.pl\\\/es\\\/\"},{\"@type\":\"ListItem\",\"position\":2,\"name\":\"O Polskim Leku\",\"item\":\"https:\\\/\\\/polskilek.pl\\\/es\\\/o-polskim-leku\\\/\"},{\"@type\":\"ListItem\",\"position\":3,\"name\":\"Misja i wizja\"}]},{\"@type\":\"WebSite\",\"@id\":\"https:\\\/\\\/polskilek.pl\\\/es\\\/#website\",\"url\":\"https:\\\/\\\/polskilek.pl\\\/es\\\/\",\"name\":\"Polski Lek\",\"description\":\"Polski Lek Sp. z o. o. jest producentem nowoczesnych i bezpiecznych suplement\u00f3w diety, obecnym na rynku od 2000 roku. Od 2003 roku nale\u017cymy do grupy Maspex, jednej z najwi\u0119kszych firm w Europie \u015arodkowo-Wschodniej w segmencie produkt\u00f3w spo\u017cywczych.\",\"publisher\":{\"@id\":\"https:\\\/\\\/polskilek.pl\\\/es\\\/#organization\"},\"potentialAction\":[{\"@type\":\"SearchAction\",\"target\":{\"@type\":\"EntryPoint\",\"urlTemplate\":\"https:\\\/\\\/polskilek.pl\\\/es\\\/?s={search_term_string}\"},\"query-input\":{\"@type\":\"PropertyValueSpecification\",\"valueRequired\":true,\"valueName\":\"search_term_string\"}}],\"inLanguage\":\"es\"},{\"@type\":\"Organization\",\"@id\":\"https:\\\/\\\/polskilek.pl\\\/es\\\/#organization\",\"name\":\"Polski Lek\",\"url\":\"https:\\\/\\\/polskilek.pl\\\/es\\\/\",\"logo\":{\"@type\":\"ImageObject\",\"inLanguage\":\"es\",\"@id\":\"https:\\\/\\\/polskilek.pl\\\/es\\\/#\\\/schema\\\/logo\\\/image\\\/\",\"url\":\"https:\\\/\\\/polskilek.pl\\\/wp-content\\\/uploads\\\/2024\\\/06\\\/logo-1.png\",\"contentUrl\":\"https:\\\/\\\/polskilek.pl\\\/wp-content\\\/uploads\\\/2024\\\/06\\\/logo-1.png\",\"width\":300,\"height\":64,\"caption\":\"Polski Lek\"},\"image\":{\"@id\":\"https:\\\/\\\/polskilek.pl\\\/es\\\/#\\\/schema\\\/logo\\\/image\\\/\"}}]}<\/script>\n<!-- \/ Yoast SEO plugin. -->","yoast_head_json":{"title":"Misja i wizja - Polski Lek","robots":{"index":"index","follow":"follow","max-snippet":"max-snippet:-1","max-image-preview":"max-image-preview:large","max-video-preview":"max-video-preview:-1"},"canonical":"https:\/\/polskilek.pl\/es\/o-polskim-leku\/misja-i-wizja\/","og_locale":"es_ES","og_type":"article","og_title":"Misja i wizja - Polski Lek","og_description":"Nasza misja Nieustannie si\u0119 rozwijamy, aby odpowiedzialnie i z pasj\u0105 tworzy\u0107 wysokiej jako\u015bci produkty, kt\u00f3re towarzysz\u0105 ludziom na co dzie\u0144. Nasza wizja Jeste\u015bmy Liderem rynku, kt\u00f3ry poprzez najwy\u017csz\u0105 jako\u015b\u0107 i innowacyjno\u015b\u0107 buduje swoj\u0105 pozycj\u0119 rynkow\u0105. Dzia\u0142amy z trosk\u0105 i odpowiedzialno\u015bci\u0105 za ludzi i otoczenie.","og_url":"https:\/\/polskilek.pl\/es\/o-polskim-leku\/misja-i-wizja\/","og_site_name":"Polski Lek","article_modified_time":"2024-07-16T12:16:22+00:00","twitter_card":"summary_large_image","twitter_misc":{"Tiempo de lectura":"1 minuto"},"schema":{"@context":"https:\/\/schema.org","@graph":[{"@type":"WebPage","@id":"https:\/\/polskilek.pl\/es\/o-polskim-leku\/misja-i-wizja\/","url":"https:\/\/polskilek.pl\/es\/o-polskim-leku\/misja-i-wizja\/","name":"Misja i wizja - Polski Lek","isPartOf":{"@id":"https:\/\/polskilek.pl\/es\/#website"},"datePublished":"2024-06-07T12:36:01+00:00","dateModified":"2024-07-16T12:16:22+00:00","breadcrumb":{"@id":"https:\/\/polskilek.pl\/es\/o-polskim-leku\/misja-i-wizja\/#breadcrumb"},"inLanguage":"es","potentialAction":[{"@type":"ReadAction","target":["https:\/\/polskilek.pl\/es\/o-polskim-leku\/misja-i-wizja\/"]}]},{"@type":"BreadcrumbList","@id":"https:\/\/polskilek.pl\/es\/o-polskim-leku\/misja-i-wizja\/#breadcrumb","itemListElement":[{"@type":"ListItem","position":1,"name":"Home","item":"https:\/\/polskilek.pl\/es\/"},{"@type":"ListItem","position":2,"name":"O Polskim Leku","item":"https:\/\/polskilek.pl\/es\/o-polskim-leku\/"},{"@type":"ListItem","position":3,"name":"Misja i wizja"}]},{"@type":"WebSite","@id":"https:\/\/polskilek.pl\/es\/#website","url":"https:\/\/polskilek.pl\/es\/","name":"Polski Lek","description":"Polski Lek Sp. z o. o. jest producentem nowoczesnych i bezpiecznych suplement\u00f3w diety, obecnym na rynku od 2000 roku. Od 2003 roku nale\u017cymy do grupy Maspex, jednej z najwi\u0119kszych firm w Europie \u015arodkowo-Wschodniej w segmencie produkt\u00f3w spo\u017cywczych.","publisher":{"@id":"https:\/\/polskilek.pl\/es\/#organization"},"potentialAction":[{"@type":"SearchAction","target":{"@type":"EntryPoint","urlTemplate":"https:\/\/polskilek.pl\/es\/?s={search_term_string}"},"query-input":{"@type":"PropertyValueSpecification","valueRequired":true,"valueName":"search_term_string"}}],"inLanguage":"es"},{"@type":"Organization","@id":"https:\/\/polskilek.pl\/es\/#organization","name":"Polski Lek","url":"https:\/\/polskilek.pl\/es\/","logo":{"@type":"ImageObject","inLanguage":"es","@id":"https:\/\/polskilek.pl\/es\/#\/schema\/logo\/image\/","url":"https:\/\/polskilek.pl\/wp-content\/uploads\/2024\/06\/logo-1.png","contentUrl":"https:\/\/polskilek.pl\/wp-content\/uploads\/2024\/06\/logo-1.png","width":300,"height":64,"caption":"Polski Lek"},"image":{"@id":"https:\/\/polskilek.pl\/es\/#\/schema\/logo\/image\/"}}]}},"_links":{"self":[{"href":"https:\/\/polskilek.pl\/es\/wp-json\/wp\/v2\/pages\/142","targetHints":{"allow":["GET"]}}],"collection":[{"href":"https:\/\/polskilek.pl\/es\/wp-json\/wp\/v2\/pages"}],"about":[{"href":"https:\/\/polskilek.pl\/es\/wp-json\/wp\/v2\/types\/page"}],"author":[{"embeddable":true,"href":"https:\/\/polskilek.pl\/es\/wp-json\/wp\/v2\/users\/1"}],"replies":[{"embeddable":true,"href":"https:\/\/polskilek.pl\/es\/wp-json\/wp\/v2\/comments?post=142"}],"version-history":[{"count":3,"href":"https:\/\/polskilek.pl\/es\/wp-json\/wp\/v2\/pages\/142\/revisions"}],"predecessor-version":[{"id":436,"href":"https:\/\/polskilek.pl\/es\/wp-json\/wp\/v2\/pages\/142\/revisions\/436"}],"up":[{"embeddable":true,"href":"https:\/\/polskilek.pl\/es\/wp-json\/wp\/v2\/pages\/20"}],"wp:attachment":[{"href":"https:\/\/polskilek.pl\/es\/wp-json\/wp\/v2\/media?parent=142"}],"curies":[{"name":"wp","href":"https:\/\/api.w.org\/{rel}","templated":true}]}}