{"id":2246,"date":"2024-06-07T03:59:27","date_gmt":"2024-06-07T01:59:27","guid":{"rendered":"https:\/\/polskilek.proadax-dev.pl\/o-polskim-leku\/"},"modified":"2025-11-14T19:33:46","modified_gmt":"2025-11-14T18:33:46","slug":"sobre-polski-lek","status":"publish","type":"page","link":"https:\/\/polskilek.pl\/es\/home\/sobre-polski-lek\/","title":{"rendered":"Sobre Polski Lek"},"content":{"rendered":"<p><strong>Polski Lek S.L.<\/strong> opera en el mercado desde el a\u00f1o 2000.<\/p>\n<p>Desde 2003, formamos parte del <strong>Grupo Maspex<\/strong>, una de las empresas m\u00e1s grandes de Europa Central y del Este en el segmento de productos alimenticios.<\/p>\n<p><strong>Polski Lek S.L.<\/strong> se especializa en ofrecer productos innovadores dise\u00f1ados para los grupos de consumidores m\u00e1s sensibles, como mujeres embarazadas, beb\u00e9s y ni\u00f1os. Los productos se desarrollan bas\u00e1ndose en investigaciones cient\u00edficas, apoyadas en el conocimiento y la experiencia de expertos. El portafolio de la empresa tambi\u00e9n incluye una amplia gama de suplementos diet\u00e9ticos para adultos. Nuestra empresa cumple con los m\u00e1s altos est\u00e1ndares globales en procesos de producci\u00f3n y gesti\u00f3n de calidad (directrices GMP y est\u00e1ndares establecidos por IFS y HACCP). Estos est\u00e1ndares garantizan la seguridad y permiten la selecci\u00f3n de las mejores materias primas. La atenci\u00f3n a cada detalle en el proceso de fabricaci\u00f3n se traduce en la confianza del consumidor.<\/p>\n<p>La calidad de nuestros productos se refleja en los numerosos premios recibidos por las marcas que pertenecen a la empresa. <strong>Polski Lek S.L.<\/strong> tambi\u00e9n ofrece servicios de primera clase y alta calidad en el \u00e1mbito de la <strong>fabricaci\u00f3n por contrato de alimentos<\/strong>, en particular suplementos diet\u00e9ticos y productos enriquecidos en forma de tabletas, tabletas efervescentes, pastillas, caramelos, gr\u00e1nulos y polvos. Nuestros productos han sido reconocidos por algunos de los clientes m\u00e1s exigentes del mundo.<\/p>\n<p>Por lo tanto, estamos seguros de que tambi\u00e9n ganaremos su confianza. Le ofrecemos una amplia gama de nuestros servicios y productos, ya sea bajo nuestra marca o bajo la suya propia, seg\u00fan la soluci\u00f3n que mejor se adapte a sus necesidades.<\/p>\n","protected":false},"excerpt":{"rendered":"<p>Polski Lek S.L. opera en el mercado desde el a\u00f1o 2000. Desde 2003, formamos parte del Grupo Maspex, una de las empresas m\u00e1s grandes de Europa Central y del Este en el segmento de productos alimenticios. Polski Lek S.L. se especializa en ofrecer productos innovadores dise\u00f1ados para los grupos de consumidores m\u00e1s sensibles, como mujeres [&hellip;]<\/p>\n","protected":false},"author":1,"featured_media":0,"parent":2238,"menu_order":0,"comment_status":"closed","ping_status":"closed","template":"page-templates\/o-firmie.php","meta":{"_acf_changed":false,"footnotes":""},"class_list":["post-2246","page","type-page","status-publish","hentry"],"acf":[],"yoast_head":"<!-- This site is optimized with the Yoast SEO plugin v27.4 - https:\/\/yoast.com\/product\/yoast-seo-wordpress\/ -->\n<title>Sobre Polski Lek - Polski Lek<\/title>\n<meta name=\"robots\" content=\"index, follow, max-snippet:-1, max-image-preview:large, max-video-preview:-1\" \/>\n<link rel=\"canonical\" href=\"https:\/\/polskilek.pl\/es\/home\/sobre-polski-lek\/\" \/>\n<meta property=\"og:locale\" content=\"es_ES\" \/>\n<meta property=\"og:type\" content=\"article\" \/>\n<meta property=\"og:title\" content=\"Sobre Polski Lek - Polski Lek\" \/>\n<meta property=\"og:description\" content=\"Polski Lek S.L. opera en el mercado desde el a\u00f1o 2000. Desde 2003, formamos parte del Grupo Maspex, una de las empresas m\u00e1s grandes de Europa Central y del Este en el segmento de productos alimenticios. Polski Lek S.L. se especializa en ofrecer productos innovadores dise\u00f1ados para los grupos de consumidores m\u00e1s sensibles, como mujeres [&hellip;]\" \/>\n<meta property=\"og:url\" content=\"https:\/\/polskilek.pl\/es\/home\/sobre-polski-lek\/\" \/>\n<meta property=\"og:site_name\" content=\"Polski Lek\" \/>\n<meta property=\"article:modified_time\" content=\"2025-11-14T18:33:46+00:00\" \/>\n<meta name=\"twitter:card\" content=\"summary_large_image\" \/>\n<meta name=\"twitter:label1\" content=\"Tiempo de lectura\" \/>\n\t<meta name=\"twitter:data1\" content=\"2 minutos\" \/>\n<script type=\"application\/ld+json\" class=\"yoast-schema-graph\">{\"@context\":\"https:\\\/\\\/schema.org\",\"@graph\":[{\"@type\":\"WebPage\",\"@id\":\"https:\\\/\\\/polskilek.pl\\\/es\\\/home\\\/sobre-polski-lek\\\/\",\"url\":\"https:\\\/\\\/polskilek.pl\\\/es\\\/home\\\/sobre-polski-lek\\\/\",\"name\":\"Sobre Polski Lek - Polski Lek\",\"isPartOf\":{\"@id\":\"https:\\\/\\\/polskilek.pl\\\/es\\\/#website\"},\"datePublished\":\"2024-06-07T01:59:27+00:00\",\"dateModified\":\"2025-11-14T18:33:46+00:00\",\"breadcrumb\":{\"@id\":\"https:\\\/\\\/polskilek.pl\\\/es\\\/home\\\/sobre-polski-lek\\\/#breadcrumb\"},\"inLanguage\":\"es\",\"potentialAction\":[{\"@type\":\"ReadAction\",\"target\":[\"https:\\\/\\\/polskilek.pl\\\/es\\\/home\\\/sobre-polski-lek\\\/\"]}]},{\"@type\":\"BreadcrumbList\",\"@id\":\"https:\\\/\\\/polskilek.pl\\\/es\\\/home\\\/sobre-polski-lek\\\/#breadcrumb\",\"itemListElement\":[{\"@type\":\"ListItem\",\"position\":1,\"name\":\"Home\",\"item\":\"https:\\\/\\\/polskilek.pl\\\/es\\\/\"},{\"@type\":\"ListItem\",\"position\":2,\"name\":\"Home\",\"item\":\"https:\\\/\\\/polskilek.pl\\\/es\\\/\"},{\"@type\":\"ListItem\",\"position\":3,\"name\":\"Sobre Polski Lek\"}]},{\"@type\":\"WebSite\",\"@id\":\"https:\\\/\\\/polskilek.pl\\\/es\\\/#website\",\"url\":\"https:\\\/\\\/polskilek.pl\\\/es\\\/\",\"name\":\"Polski Lek\",\"description\":\"Polski Lek Sp. z o. o. jest producentem nowoczesnych i bezpiecznych suplement\u00f3w diety, obecnym na rynku od 2000 roku. Od 2003 roku nale\u017cymy do grupy Maspex, jednej z najwi\u0119kszych firm w Europie \u015arodkowo-Wschodniej w segmencie produkt\u00f3w spo\u017cywczych.\",\"publisher\":{\"@id\":\"https:\\\/\\\/polskilek.pl\\\/es\\\/#organization\"},\"potentialAction\":[{\"@type\":\"SearchAction\",\"target\":{\"@type\":\"EntryPoint\",\"urlTemplate\":\"https:\\\/\\\/polskilek.pl\\\/es\\\/?s={search_term_string}\"},\"query-input\":{\"@type\":\"PropertyValueSpecification\",\"valueRequired\":true,\"valueName\":\"search_term_string\"}}],\"inLanguage\":\"es\"},{\"@type\":\"Organization\",\"@id\":\"https:\\\/\\\/polskilek.pl\\\/es\\\/#organization\",\"name\":\"Polski Lek\",\"url\":\"https:\\\/\\\/polskilek.pl\\\/es\\\/\",\"logo\":{\"@type\":\"ImageObject\",\"inLanguage\":\"es\",\"@id\":\"https:\\\/\\\/polskilek.pl\\\/es\\\/#\\\/schema\\\/logo\\\/image\\\/\",\"url\":\"https:\\\/\\\/polskilek.pl\\\/wp-content\\\/uploads\\\/2024\\\/06\\\/logo-1.png\",\"contentUrl\":\"https:\\\/\\\/polskilek.pl\\\/wp-content\\\/uploads\\\/2024\\\/06\\\/logo-1.png\",\"width\":300,\"height\":64,\"caption\":\"Polski Lek\"},\"image\":{\"@id\":\"https:\\\/\\\/polskilek.pl\\\/es\\\/#\\\/schema\\\/logo\\\/image\\\/\"}}]}<\/script>\n<!-- \/ Yoast SEO plugin. -->","yoast_head_json":{"title":"Sobre Polski Lek - Polski Lek","robots":{"index":"index","follow":"follow","max-snippet":"max-snippet:-1","max-image-preview":"max-image-preview:large","max-video-preview":"max-video-preview:-1"},"canonical":"https:\/\/polskilek.pl\/es\/home\/sobre-polski-lek\/","og_locale":"es_ES","og_type":"article","og_title":"Sobre Polski Lek - Polski Lek","og_description":"Polski Lek S.L. opera en el mercado desde el a\u00f1o 2000. Desde 2003, formamos parte del Grupo Maspex, una de las empresas m\u00e1s grandes de Europa Central y del Este en el segmento de productos alimenticios. Polski Lek S.L. se especializa en ofrecer productos innovadores dise\u00f1ados para los grupos de consumidores m\u00e1s sensibles, como mujeres [&hellip;]","og_url":"https:\/\/polskilek.pl\/es\/home\/sobre-polski-lek\/","og_site_name":"Polski Lek","article_modified_time":"2025-11-14T18:33:46+00:00","twitter_card":"summary_large_image","twitter_misc":{"Tiempo de lectura":"2 minutos"},"schema":{"@context":"https:\/\/schema.org","@graph":[{"@type":"WebPage","@id":"https:\/\/polskilek.pl\/es\/home\/sobre-polski-lek\/","url":"https:\/\/polskilek.pl\/es\/home\/sobre-polski-lek\/","name":"Sobre Polski Lek - Polski Lek","isPartOf":{"@id":"https:\/\/polskilek.pl\/es\/#website"},"datePublished":"2024-06-07T01:59:27+00:00","dateModified":"2025-11-14T18:33:46+00:00","breadcrumb":{"@id":"https:\/\/polskilek.pl\/es\/home\/sobre-polski-lek\/#breadcrumb"},"inLanguage":"es","potentialAction":[{"@type":"ReadAction","target":["https:\/\/polskilek.pl\/es\/home\/sobre-polski-lek\/"]}]},{"@type":"BreadcrumbList","@id":"https:\/\/polskilek.pl\/es\/home\/sobre-polski-lek\/#breadcrumb","itemListElement":[{"@type":"ListItem","position":1,"name":"Home","item":"https:\/\/polskilek.pl\/es\/"},{"@type":"ListItem","position":2,"name":"Home","item":"https:\/\/polskilek.pl\/es\/"},{"@type":"ListItem","position":3,"name":"Sobre Polski Lek"}]},{"@type":"WebSite","@id":"https:\/\/polskilek.pl\/es\/#website","url":"https:\/\/polskilek.pl\/es\/","name":"Polski Lek","description":"Polski Lek Sp. z o. o. jest producentem nowoczesnych i bezpiecznych suplement\u00f3w diety, obecnym na rynku od 2000 roku. Od 2003 roku nale\u017cymy do grupy Maspex, jednej z najwi\u0119kszych firm w Europie \u015arodkowo-Wschodniej w segmencie produkt\u00f3w spo\u017cywczych.","publisher":{"@id":"https:\/\/polskilek.pl\/es\/#organization"},"potentialAction":[{"@type":"SearchAction","target":{"@type":"EntryPoint","urlTemplate":"https:\/\/polskilek.pl\/es\/?s={search_term_string}"},"query-input":{"@type":"PropertyValueSpecification","valueRequired":true,"valueName":"search_term_string"}}],"inLanguage":"es"},{"@type":"Organization","@id":"https:\/\/polskilek.pl\/es\/#organization","name":"Polski Lek","url":"https:\/\/polskilek.pl\/es\/","logo":{"@type":"ImageObject","inLanguage":"es","@id":"https:\/\/polskilek.pl\/es\/#\/schema\/logo\/image\/","url":"https:\/\/polskilek.pl\/wp-content\/uploads\/2024\/06\/logo-1.png","contentUrl":"https:\/\/polskilek.pl\/wp-content\/uploads\/2024\/06\/logo-1.png","width":300,"height":64,"caption":"Polski Lek"},"image":{"@id":"https:\/\/polskilek.pl\/es\/#\/schema\/logo\/image\/"}}]}},"_links":{"self":[{"href":"https:\/\/polskilek.pl\/es\/wp-json\/wp\/v2\/pages\/2246","targetHints":{"allow":["GET"]}}],"collection":[{"href":"https:\/\/polskilek.pl\/es\/wp-json\/wp\/v2\/pages"}],"about":[{"href":"https:\/\/polskilek.pl\/es\/wp-json\/wp\/v2\/types\/page"}],"author":[{"embeddable":true,"href":"https:\/\/polskilek.pl\/es\/wp-json\/wp\/v2\/users\/1"}],"replies":[{"embeddable":true,"href":"https:\/\/polskilek.pl\/es\/wp-json\/wp\/v2\/comments?post=2246"}],"version-history":[{"count":9,"href":"https:\/\/polskilek.pl\/es\/wp-json\/wp\/v2\/pages\/2246\/revisions"}],"predecessor-version":[{"id":5323,"href":"https:\/\/polskilek.pl\/es\/wp-json\/wp\/v2\/pages\/2246\/revisions\/5323"}],"up":[{"embeddable":true,"href":"https:\/\/polskilek.pl\/es\/wp-json\/wp\/v2\/pages\/2238"}],"wp:attachment":[{"href":"https:\/\/polskilek.pl\/es\/wp-json\/wp\/v2\/media?parent=2246"}],"curies":[{"name":"wp","href":"https:\/\/api.w.org\/{rel}","templated":true}]}}