{"id":5963,"date":"2025-12-09T14:23:01","date_gmt":"2025-12-09T13:23:01","guid":{"rendered":"https:\/\/polskilek.pl\/?page_id=5963"},"modified":"2025-12-09T14:27:40","modified_gmt":"2025-12-09T13:27:40","slug":"newsletter","status":"publish","type":"page","link":"https:\/\/polskilek.pl\/es\/newsletter\/","title":{"rendered":"Newsletter"},"content":{"rendered":"<p data-start=\"59\" data-end=\"387\">En <strong>Polski Lek Sp. z o.o.<\/strong> valoramos su inter\u00e9s en nuestros productos y servicios. Para seguir compartiendo actualizaciones, promociones y noticias del sector, necesitamos su consentimiento para recibir nuestros boletines. Sus datos personales ser\u00e1n tratados con el m\u00e1ximo cuidado, de acuerdo con nuestra Pol\u00edtica de Privacidad.<\/p>\n<p data-start=\"389\" data-end=\"412\">Gracias por su apoyo.<\/p>\n<h2>ESCANEE EL C\u00d3DIGO QR o TOQUE AQU\u00cd para suscribirse a nuestro bolet\u00edn. \u00a1Mant\u00e9ngase al tanto!<\/h2>\n<p><img loading=\"lazy\" decoding=\"async\" class=\"alignnone size-full wp-image-5371\" src=\"https:\/\/polskilek.pl\/wp-content\/uploads\/2025\/11\/newsletter-qr.jpg\" alt=\"\" width=\"1920\" height=\"415\" \/><\/p>\n","protected":false},"excerpt":{"rendered":"<p>En Polski Lek Sp. z o.o. valoramos su inter\u00e9s en nuestros productos y servicios. Para seguir compartiendo actualizaciones, promociones y noticias del sector, necesitamos su consentimiento para recibir nuestros boletines. Sus datos personales ser\u00e1n tratados con el m\u00e1ximo cuidado, de acuerdo con nuestra Pol\u00edtica de Privacidad. Gracias por su apoyo. ESCANEE EL C\u00d3DIGO QR o [&hellip;]<\/p>\n","protected":false},"author":5,"featured_media":0,"parent":0,"menu_order":0,"comment_status":"closed","ping_status":"closed","template":"","meta":{"_acf_changed":false,"footnotes":""},"class_list":["post-5963","page","type-page","status-publish","hentry"],"acf":[],"yoast_head":"<!-- This site is optimized with the Yoast SEO plugin v27.4 - https:\/\/yoast.com\/product\/yoast-seo-wordpress\/ -->\n<title>Newsletter - Polski Lek<\/title>\n<meta name=\"robots\" content=\"index, follow, max-snippet:-1, max-image-preview:large, max-video-preview:-1\" \/>\n<link rel=\"canonical\" href=\"https:\/\/polskilek.pl\/es\/newsletter\/\" \/>\n<meta property=\"og:locale\" content=\"es_ES\" \/>\n<meta property=\"og:type\" content=\"article\" \/>\n<meta property=\"og:title\" content=\"Newsletter - Polski Lek\" \/>\n<meta property=\"og:description\" content=\"En Polski Lek Sp. z o.o. valoramos su inter\u00e9s en nuestros productos y servicios. Para seguir compartiendo actualizaciones, promociones y noticias del sector, necesitamos su consentimiento para recibir nuestros boletines. Sus datos personales ser\u00e1n tratados con el m\u00e1ximo cuidado, de acuerdo con nuestra Pol\u00edtica de Privacidad. Gracias por su apoyo. ESCANEE EL C\u00d3DIGO QR o [&hellip;]\" \/>\n<meta property=\"og:url\" content=\"https:\/\/polskilek.pl\/es\/newsletter\/\" \/>\n<meta property=\"og:site_name\" content=\"Polski Lek\" \/>\n<meta property=\"article:modified_time\" content=\"2025-12-09T13:27:40+00:00\" \/>\n<meta property=\"og:image\" content=\"https:\/\/polskilek.pl\/wp-content\/uploads\/2025\/11\/newsletter-qr.jpg\" \/>\n<meta name=\"twitter:card\" content=\"summary_large_image\" \/>\n<meta name=\"twitter:label1\" content=\"Tiempo de lectura\" \/>\n\t<meta name=\"twitter:data1\" content=\"1 minuto\" \/>\n<script type=\"application\/ld+json\" class=\"yoast-schema-graph\">{\"@context\":\"https:\\\/\\\/schema.org\",\"@graph\":[{\"@type\":\"WebPage\",\"@id\":\"https:\\\/\\\/polskilek.pl\\\/es\\\/newsletter\\\/\",\"url\":\"https:\\\/\\\/polskilek.pl\\\/es\\\/newsletter\\\/\",\"name\":\"Newsletter - Polski Lek\",\"isPartOf\":{\"@id\":\"https:\\\/\\\/polskilek.pl\\\/es\\\/#website\"},\"primaryImageOfPage\":{\"@id\":\"https:\\\/\\\/polskilek.pl\\\/es\\\/newsletter\\\/#primaryimage\"},\"image\":{\"@id\":\"https:\\\/\\\/polskilek.pl\\\/es\\\/newsletter\\\/#primaryimage\"},\"thumbnailUrl\":\"https:\\\/\\\/polskilek.pl\\\/wp-content\\\/uploads\\\/2025\\\/11\\\/newsletter-qr.jpg\",\"datePublished\":\"2025-12-09T13:23:01+00:00\",\"dateModified\":\"2025-12-09T13:27:40+00:00\",\"breadcrumb\":{\"@id\":\"https:\\\/\\\/polskilek.pl\\\/es\\\/newsletter\\\/#breadcrumb\"},\"inLanguage\":\"es\",\"potentialAction\":[{\"@type\":\"ReadAction\",\"target\":[\"https:\\\/\\\/polskilek.pl\\\/es\\\/newsletter\\\/\"]}]},{\"@type\":\"ImageObject\",\"inLanguage\":\"es\",\"@id\":\"https:\\\/\\\/polskilek.pl\\\/es\\\/newsletter\\\/#primaryimage\",\"url\":\"https:\\\/\\\/polskilek.pl\\\/wp-content\\\/uploads\\\/2025\\\/11\\\/newsletter-qr.jpg\",\"contentUrl\":\"https:\\\/\\\/polskilek.pl\\\/wp-content\\\/uploads\\\/2025\\\/11\\\/newsletter-qr.jpg\"},{\"@type\":\"BreadcrumbList\",\"@id\":\"https:\\\/\\\/polskilek.pl\\\/es\\\/newsletter\\\/#breadcrumb\",\"itemListElement\":[{\"@type\":\"ListItem\",\"position\":1,\"name\":\"Home\",\"item\":\"https:\\\/\\\/polskilek.pl\\\/es\\\/\"},{\"@type\":\"ListItem\",\"position\":2,\"name\":\"Newsletter\"}]},{\"@type\":\"WebSite\",\"@id\":\"https:\\\/\\\/polskilek.pl\\\/es\\\/#website\",\"url\":\"https:\\\/\\\/polskilek.pl\\\/es\\\/\",\"name\":\"Polski Lek\",\"description\":\"Polski Lek Sp. z o. o. jest producentem nowoczesnych i bezpiecznych suplement\u00f3w diety, obecnym na rynku od 2000 roku. Od 2003 roku nale\u017cymy do grupy Maspex, jednej z najwi\u0119kszych firm w Europie \u015arodkowo-Wschodniej w segmencie produkt\u00f3w spo\u017cywczych.\",\"publisher\":{\"@id\":\"https:\\\/\\\/polskilek.pl\\\/es\\\/#organization\"},\"potentialAction\":[{\"@type\":\"SearchAction\",\"target\":{\"@type\":\"EntryPoint\",\"urlTemplate\":\"https:\\\/\\\/polskilek.pl\\\/es\\\/?s={search_term_string}\"},\"query-input\":{\"@type\":\"PropertyValueSpecification\",\"valueRequired\":true,\"valueName\":\"search_term_string\"}}],\"inLanguage\":\"es\"},{\"@type\":\"Organization\",\"@id\":\"https:\\\/\\\/polskilek.pl\\\/es\\\/#organization\",\"name\":\"Polski Lek\",\"url\":\"https:\\\/\\\/polskilek.pl\\\/es\\\/\",\"logo\":{\"@type\":\"ImageObject\",\"inLanguage\":\"es\",\"@id\":\"https:\\\/\\\/polskilek.pl\\\/es\\\/#\\\/schema\\\/logo\\\/image\\\/\",\"url\":\"https:\\\/\\\/polskilek.pl\\\/wp-content\\\/uploads\\\/2024\\\/06\\\/logo-1.png\",\"contentUrl\":\"https:\\\/\\\/polskilek.pl\\\/wp-content\\\/uploads\\\/2024\\\/06\\\/logo-1.png\",\"width\":300,\"height\":64,\"caption\":\"Polski Lek\"},\"image\":{\"@id\":\"https:\\\/\\\/polskilek.pl\\\/es\\\/#\\\/schema\\\/logo\\\/image\\\/\"}}]}<\/script>\n<!-- \/ Yoast SEO plugin. -->","yoast_head_json":{"title":"Newsletter - Polski Lek","robots":{"index":"index","follow":"follow","max-snippet":"max-snippet:-1","max-image-preview":"max-image-preview:large","max-video-preview":"max-video-preview:-1"},"canonical":"https:\/\/polskilek.pl\/es\/newsletter\/","og_locale":"es_ES","og_type":"article","og_title":"Newsletter - Polski Lek","og_description":"En Polski Lek Sp. z o.o. valoramos su inter\u00e9s en nuestros productos y servicios. Para seguir compartiendo actualizaciones, promociones y noticias del sector, necesitamos su consentimiento para recibir nuestros boletines. Sus datos personales ser\u00e1n tratados con el m\u00e1ximo cuidado, de acuerdo con nuestra Pol\u00edtica de Privacidad. Gracias por su apoyo. ESCANEE EL C\u00d3DIGO QR o [&hellip;]","og_url":"https:\/\/polskilek.pl\/es\/newsletter\/","og_site_name":"Polski Lek","article_modified_time":"2025-12-09T13:27:40+00:00","og_image":[{"url":"https:\/\/polskilek.pl\/wp-content\/uploads\/2025\/11\/newsletter-qr.jpg","type":"","width":"","height":""}],"twitter_card":"summary_large_image","twitter_misc":{"Tiempo de lectura":"1 minuto"},"schema":{"@context":"https:\/\/schema.org","@graph":[{"@type":"WebPage","@id":"https:\/\/polskilek.pl\/es\/newsletter\/","url":"https:\/\/polskilek.pl\/es\/newsletter\/","name":"Newsletter - Polski Lek","isPartOf":{"@id":"https:\/\/polskilek.pl\/es\/#website"},"primaryImageOfPage":{"@id":"https:\/\/polskilek.pl\/es\/newsletter\/#primaryimage"},"image":{"@id":"https:\/\/polskilek.pl\/es\/newsletter\/#primaryimage"},"thumbnailUrl":"https:\/\/polskilek.pl\/wp-content\/uploads\/2025\/11\/newsletter-qr.jpg","datePublished":"2025-12-09T13:23:01+00:00","dateModified":"2025-12-09T13:27:40+00:00","breadcrumb":{"@id":"https:\/\/polskilek.pl\/es\/newsletter\/#breadcrumb"},"inLanguage":"es","potentialAction":[{"@type":"ReadAction","target":["https:\/\/polskilek.pl\/es\/newsletter\/"]}]},{"@type":"ImageObject","inLanguage":"es","@id":"https:\/\/polskilek.pl\/es\/newsletter\/#primaryimage","url":"https:\/\/polskilek.pl\/wp-content\/uploads\/2025\/11\/newsletter-qr.jpg","contentUrl":"https:\/\/polskilek.pl\/wp-content\/uploads\/2025\/11\/newsletter-qr.jpg"},{"@type":"BreadcrumbList","@id":"https:\/\/polskilek.pl\/es\/newsletter\/#breadcrumb","itemListElement":[{"@type":"ListItem","position":1,"name":"Home","item":"https:\/\/polskilek.pl\/es\/"},{"@type":"ListItem","position":2,"name":"Newsletter"}]},{"@type":"WebSite","@id":"https:\/\/polskilek.pl\/es\/#website","url":"https:\/\/polskilek.pl\/es\/","name":"Polski Lek","description":"Polski Lek Sp. z o. o. jest producentem nowoczesnych i bezpiecznych suplement\u00f3w diety, obecnym na rynku od 2000 roku. Od 2003 roku nale\u017cymy do grupy Maspex, jednej z najwi\u0119kszych firm w Europie \u015arodkowo-Wschodniej w segmencie produkt\u00f3w spo\u017cywczych.","publisher":{"@id":"https:\/\/polskilek.pl\/es\/#organization"},"potentialAction":[{"@type":"SearchAction","target":{"@type":"EntryPoint","urlTemplate":"https:\/\/polskilek.pl\/es\/?s={search_term_string}"},"query-input":{"@type":"PropertyValueSpecification","valueRequired":true,"valueName":"search_term_string"}}],"inLanguage":"es"},{"@type":"Organization","@id":"https:\/\/polskilek.pl\/es\/#organization","name":"Polski Lek","url":"https:\/\/polskilek.pl\/es\/","logo":{"@type":"ImageObject","inLanguage":"es","@id":"https:\/\/polskilek.pl\/es\/#\/schema\/logo\/image\/","url":"https:\/\/polskilek.pl\/wp-content\/uploads\/2024\/06\/logo-1.png","contentUrl":"https:\/\/polskilek.pl\/wp-content\/uploads\/2024\/06\/logo-1.png","width":300,"height":64,"caption":"Polski Lek"},"image":{"@id":"https:\/\/polskilek.pl\/es\/#\/schema\/logo\/image\/"}}]}},"_links":{"self":[{"href":"https:\/\/polskilek.pl\/es\/wp-json\/wp\/v2\/pages\/5963","targetHints":{"allow":["GET"]}}],"collection":[{"href":"https:\/\/polskilek.pl\/es\/wp-json\/wp\/v2\/pages"}],"about":[{"href":"https:\/\/polskilek.pl\/es\/wp-json\/wp\/v2\/types\/page"}],"author":[{"embeddable":true,"href":"https:\/\/polskilek.pl\/es\/wp-json\/wp\/v2\/users\/5"}],"replies":[{"embeddable":true,"href":"https:\/\/polskilek.pl\/es\/wp-json\/wp\/v2\/comments?post=5963"}],"version-history":[{"count":10,"href":"https:\/\/polskilek.pl\/es\/wp-json\/wp\/v2\/pages\/5963\/revisions"}],"predecessor-version":[{"id":5973,"href":"https:\/\/polskilek.pl\/es\/wp-json\/wp\/v2\/pages\/5963\/revisions\/5973"}],"wp:attachment":[{"href":"https:\/\/polskilek.pl\/es\/wp-json\/wp\/v2\/media?parent=5963"}],"curies":[{"name":"wp","href":"https:\/\/api.w.org\/{rel}","templated":true}]}}